{"id":934,"date":"2026-04-12T15:43:43","date_gmt":"2026-04-12T15:43:43","guid":{"rendered":"https:\/\/silk-pajamas.com\/19-momme-crepe-mulberry-silk-tee-short-sleeve-silver\/"},"modified":"2026-04-17T03:08:58","modified_gmt":"2026-04-17T03:08:58","slug":"19-momme-crepe-mulberry-silk-tee-short-sleeve-silver","status":"publish","type":"product","link":"https:\/\/silk-pajamas.com\/de\/19-momme-crepe-mulberry-silk-tee-short-sleeve-silver\/","title":{"rendered":"19 Momme Crepe Maulbeerseide Tee Kurzarm Silber"},"content":{"rendered":"<p>Dieses Seiden-T-Shirt aus 19 Momme-Cr\u00eape-Seide bietet ein atmungsaktives, sanftes Hautgef\u00fchl und elegante Bewegungsfreiheit. Die kurzen \u00c4rmel und die silberne Farbe sorgen f\u00fcr einen eleganten Look f\u00fcr Frauen. Erh\u00e4ltlich in XL, XXL, 3XL, 4XL. Handw\u00e4sche kalt oder im Schonwaschgang.<\/p>","protected":false},"excerpt":{"rendered":"<p>19 Momme Crepe Seide Seiden-T-Shirt in Silber. Mit kurzen \u00c4rmeln, atmungsaktiv und in den Gr\u00f6\u00dfen XL, XXL, 3XL und 4XL erh\u00e4ltlich. Entworfen f\u00fcr Frauen.<\/p>","protected":false},"featured_media":1316,"template":"","meta":{"_gspb_post_css":""},"product_brand":[],"product_cat":[28],"product_tag":[913,914,896],"class_list":{"0":"post-934","1":"product","2":"type-product","3":"status-publish","4":"has-post-thumbnail","6":"product_cat-silk-t-shirts","7":"product_tag-19-momme-silk-t-shirt-silver","8":"product_tag-crepe-silk-t-shirt-short-sleeve","9":"product_tag-manufacturer-silk-t-shirt-for-women","11":"first","12":"instock","13":"shipping-taxable","14":"purchasable","15":"product-type-simple"},"_links":{"self":[{"href":"https:\/\/silk-pajamas.com\/de\/wp-json\/wp\/v2\/product\/934","targetHints":{"allow":["GET"]}}],"collection":[{"href":"https:\/\/silk-pajamas.com\/de\/wp-json\/wp\/v2\/product"}],"about":[{"href":"https:\/\/silk-pajamas.com\/de\/wp-json\/wp\/v2\/types\/product"}],"wp:featuredmedia":[{"embeddable":true,"href":"https:\/\/silk-pajamas.com\/de\/wp-json\/wp\/v2\/media\/1316"}],"wp:attachment":[{"href":"https:\/\/silk-pajamas.com\/de\/wp-json\/wp\/v2\/media?parent=934"}],"wp:term":[{"taxonomy":"product_brand","embeddable":true,"href":"https:\/\/silk-pajamas.com\/de\/wp-json\/wp\/v2\/product_brand?post=934"},{"taxonomy":"product_cat","embeddable":true,"href":"https:\/\/silk-pajamas.com\/de\/wp-json\/wp\/v2\/product_cat?post=934"},{"taxonomy":"product_tag","embeddable":true,"href":"https:\/\/silk-pajamas.com\/de\/wp-json\/wp\/v2\/product_tag?post=934"}],"curies":[{"name":"wp","href":"https:\/\/api.w.org\/{rel}","templated":true}]}}