{"id":935,"date":"2026-04-12T15:43:43","date_gmt":"2026-04-12T15:43:43","guid":{"rendered":"https:\/\/silk-pajamas.com\/22-momme-charmeuse-mulberry-silk-tee-cap-sleeve-leopard\/"},"modified":"2026-04-17T03:10:10","modified_gmt":"2026-04-17T03:10:10","slug":"22-momme-charmeuse-mulberry-silk-tee-cap-sleeve-leopard","status":"publish","type":"product","link":"https:\/\/silk-pajamas.com\/de\/22-momme-charmeuse-mulberry-silk-tee-cap-sleeve-leopard\/","title":{"rendered":"22 Momme Charmeuse Maulbeerseiden-T-Shirt Kappen\u00e4rmel Leopard"},"content":{"rendered":"<p>Dieses Seiden-T-Shirt aus 22 Momme-Charmeuse-Seide ist thermoregulierend, f\u00fchlt sich angenehm auf der Haut an und l\u00e4sst sich elegant bewegen. Die Umschlag\u00e4rmel und die Leopardenfarbe sorgen f\u00fcr einen eleganten Look f\u00fcr M\u00e4nner. Erh\u00e4ltlich in XS, S, M, L, XL. Kalt von Hand waschen oder im Schonwaschgang.<\/p>","protected":false},"excerpt":{"rendered":"<p>22 Momme Charmeuse Seide Seiden-T-Shirt in Leopard. Mit Cap Sleeve, thermoregulierendem Griff und den Gr\u00f6\u00dfen XS, S, M, L, XL. Entworfen f\u00fcr M\u00e4nner.<\/p>","protected":false},"featured_media":1266,"template":"","meta":{"_gspb_post_css":""},"product_brand":[],"product_cat":[28],"product_tag":[915,916,888],"class_list":{"0":"post-935","1":"product","2":"type-product","3":"status-publish","4":"has-post-thumbnail","6":"product_cat-silk-t-shirts","7":"product_tag-22-momme-silk-t-shirt-leopard","8":"product_tag-charmeuse-silk-t-shirt-cap-sleeve","9":"product_tag-supplier-silk-t-shirt-for-men","11":"first","12":"instock","13":"shipping-taxable","14":"purchasable","15":"product-type-simple"},"_links":{"self":[{"href":"https:\/\/silk-pajamas.com\/de\/wp-json\/wp\/v2\/product\/935","targetHints":{"allow":["GET"]}}],"collection":[{"href":"https:\/\/silk-pajamas.com\/de\/wp-json\/wp\/v2\/product"}],"about":[{"href":"https:\/\/silk-pajamas.com\/de\/wp-json\/wp\/v2\/types\/product"}],"wp:featuredmedia":[{"embeddable":true,"href":"https:\/\/silk-pajamas.com\/de\/wp-json\/wp\/v2\/media\/1266"}],"wp:attachment":[{"href":"https:\/\/silk-pajamas.com\/de\/wp-json\/wp\/v2\/media?parent=935"}],"wp:term":[{"taxonomy":"product_brand","embeddable":true,"href":"https:\/\/silk-pajamas.com\/de\/wp-json\/wp\/v2\/product_brand?post=935"},{"taxonomy":"product_cat","embeddable":true,"href":"https:\/\/silk-pajamas.com\/de\/wp-json\/wp\/v2\/product_cat?post=935"},{"taxonomy":"product_tag","embeddable":true,"href":"https:\/\/silk-pajamas.com\/de\/wp-json\/wp\/v2\/product_tag?post=935"}],"curies":[{"name":"wp","href":"https:\/\/api.w.org\/{rel}","templated":true}]}}