{"id":936,"date":"2026-04-12T15:43:44","date_gmt":"2026-04-12T15:43:44","guid":{"rendered":"https:\/\/silk-pajamas.com\/19-momme-sandwashed-silk-t-shirt-sandwashed-pearl\/"},"modified":"2026-04-17T02:03:31","modified_gmt":"2026-04-17T02:03:31","slug":"19-momme-sandwashed-silk-t-shirt-sandwashed-pearl","status":"publish","type":"product","link":"https:\/\/silk-pajamas.com\/de\/19-momme-sandwashed-silk-t-shirt-sandwashed-pearl\/","title":{"rendered":"19 Momme Sandwaschseide T-Shirt Sandwaschperle"},"content":{"rendered":"<p>Dieses Seiden-T-Shirt ist aus 19 momme sandgewaschener Seide in einem Perlton gefertigt. Es verf\u00fcgt \u00fcber Sandwaschung, ein glattes Handgef\u00fchl und komfortable drapieren f\u00fcr M\u00e4nner. Der Stil unterst\u00fctzt die Gr\u00f6\u00dfen XL, XXL, 3XL, 4XL und eignet sich gut f\u00fcr die ganze Saison tragen, Geschenk-und t\u00e4glichen Komfort. Handw\u00e4sche kalt oder im Schonwaschgang.<\/p>","protected":false},"excerpt":{"rendered":"<p>19 Momme Sandwashed Seiden-T-Shirt aus Seide in Pearl. Sandwashed-Finish, weicher Faltenwurf und Gr\u00f6\u00dfen XL, XXL, 3XL, 4XL. Entworfen f\u00fcr M\u00e4nner.<\/p>","protected":false},"featured_media":1255,"template":"","meta":{"_gspb_post_css":""},"product_brand":[],"product_cat":[28],"product_tag":[917,881,891],"class_list":{"0":"post-936","1":"product","2":"type-product","3":"status-publish","4":"has-post-thumbnail","6":"product_cat-silk-t-shirts","7":"product_tag-19-momme-silk-t-shirt-pearl","8":"product_tag-sandwashed-silk-t-shirt-sandwashed","9":"product_tag-wholesale-silk-t-shirt-for-men","11":"first","12":"instock","13":"featured","14":"shipping-taxable","15":"purchasable","16":"product-type-simple"},"_links":{"self":[{"href":"https:\/\/silk-pajamas.com\/de\/wp-json\/wp\/v2\/product\/936","targetHints":{"allow":["GET"]}}],"collection":[{"href":"https:\/\/silk-pajamas.com\/de\/wp-json\/wp\/v2\/product"}],"about":[{"href":"https:\/\/silk-pajamas.com\/de\/wp-json\/wp\/v2\/types\/product"}],"wp:featuredmedia":[{"embeddable":true,"href":"https:\/\/silk-pajamas.com\/de\/wp-json\/wp\/v2\/media\/1255"}],"wp:attachment":[{"href":"https:\/\/silk-pajamas.com\/de\/wp-json\/wp\/v2\/media?parent=936"}],"wp:term":[{"taxonomy":"product_brand","embeddable":true,"href":"https:\/\/silk-pajamas.com\/de\/wp-json\/wp\/v2\/product_brand?post=936"},{"taxonomy":"product_cat","embeddable":true,"href":"https:\/\/silk-pajamas.com\/de\/wp-json\/wp\/v2\/product_cat?post=936"},{"taxonomy":"product_tag","embeddable":true,"href":"https:\/\/silk-pajamas.com\/de\/wp-json\/wp\/v2\/product_tag?post=936"}],"curies":[{"name":"wp","href":"https:\/\/api.w.org\/{rel}","templated":true}]}}