{"id":937,"date":"2026-04-12T15:43:44","date_gmt":"2026-04-12T15:43:44","guid":{"rendered":"https:\/\/silk-pajamas.com\/25-momme-charmeuse-silk-t-shirt-short-sleeve-navy\/"},"modified":"2026-04-17T02:06:42","modified_gmt":"2026-04-17T02:06:42","slug":"25-momme-charmeuse-silk-t-shirt-short-sleeve-navy","status":"publish","type":"product","link":"https:\/\/silk-pajamas.com\/de\/25-momme-charmeuse-silk-t-shirt-short-sleeve-navy\/","title":{"rendered":"25 Momme Charmeuse Seiden-T-Shirt mit kurzen \u00c4rmeln Navy"},"content":{"rendered":"<p>Dieses Seiden-T-Shirt ist aus 25 Momme-Charmeuse-Seide in einem navyfarbenen Ton gefertigt. Es hat kurze \u00c4rmel, ein weiches Handgef\u00fchl und einen bequemen Fall f\u00fcr den t\u00e4glichen Gebrauch. Es ist in den Gr\u00f6\u00dfen XL, XXL, 3XL und 4XL erh\u00e4ltlich und eignet sich f\u00fcr alle Jahreszeiten, zum Verschenken und f\u00fcr den t\u00e4glichen Komfort. Handw\u00e4sche kalt oder im Schonwaschgang.<\/p>","protected":false},"excerpt":{"rendered":"<p>25 Momme Charmeuse Seide Seiden-T-Shirt in Navy. Mit kurzen \u00c4rmeln, thermoregulierendem Tragegef\u00fchl und den Gr\u00f6\u00dfen XL, XXL, 3XL, 4XL. Entworfen f\u00fcr den t\u00e4glichen Gebrauch.<\/p>","protected":false},"featured_media":1263,"template":"","meta":{"_gspb_post_css":""},"product_brand":[],"product_cat":[28],"product_tag":[918,895,885],"class_list":{"0":"post-937","1":"product","2":"type-product","3":"status-publish","4":"has-post-thumbnail","6":"product_cat-silk-t-shirts","7":"product_tag-25-momme-silk-t-shirt-navy","8":"product_tag-charmeuse-silk-t-shirt-short-sleeve","9":"product_tag-factory-silk-t-shirt-for-daily-wear","11":"first","12":"instock","13":"shipping-taxable","14":"purchasable","15":"product-type-simple"},"_links":{"self":[{"href":"https:\/\/silk-pajamas.com\/de\/wp-json\/wp\/v2\/product\/937","targetHints":{"allow":["GET"]}}],"collection":[{"href":"https:\/\/silk-pajamas.com\/de\/wp-json\/wp\/v2\/product"}],"about":[{"href":"https:\/\/silk-pajamas.com\/de\/wp-json\/wp\/v2\/types\/product"}],"wp:featuredmedia":[{"embeddable":true,"href":"https:\/\/silk-pajamas.com\/de\/wp-json\/wp\/v2\/media\/1263"}],"wp:attachment":[{"href":"https:\/\/silk-pajamas.com\/de\/wp-json\/wp\/v2\/media?parent=937"}],"wp:term":[{"taxonomy":"product_brand","embeddable":true,"href":"https:\/\/silk-pajamas.com\/de\/wp-json\/wp\/v2\/product_brand?post=937"},{"taxonomy":"product_cat","embeddable":true,"href":"https:\/\/silk-pajamas.com\/de\/wp-json\/wp\/v2\/product_cat?post=937"},{"taxonomy":"product_tag","embeddable":true,"href":"https:\/\/silk-pajamas.com\/de\/wp-json\/wp\/v2\/product_tag?post=937"}],"curies":[{"name":"wp","href":"https:\/\/api.w.org\/{rel}","templated":true}]}}