{"id":938,"date":"2026-04-12T15:43:44","date_gmt":"2026-04-12T15:43:44","guid":{"rendered":"https:\/\/silk-pajamas.com\/25-momme-sandwashed-silk-t-shirt-sandwashed-leopard\/"},"modified":"2026-04-17T02:08:42","modified_gmt":"2026-04-17T02:08:42","slug":"25-momme-sandwashed-silk-t-shirt-sandwashed-leopard","status":"publish","type":"product","link":"https:\/\/silk-pajamas.com\/de\/25-momme-sandwashed-silk-t-shirt-sandwashed-leopard\/","title":{"rendered":"25 Momme T-Shirt aus gewaschener Seide mit gewaschenem Leopardenmuster"},"content":{"rendered":"<p>Dieses T-Shirt aus sandgewaschener Seide mit 25 Momme kombiniert sandgewaschene Details mit einem weichen Glanz und einem atmungsaktiven Tragegef\u00fchl. Das Leoparden-Finish verleiht ihm einen raffinierten Look, w\u00e4hrend die Gr\u00f6\u00dfe Custom den Kernbedarf abdeckt. Geeignet f\u00fcr M\u00e4nner und die Fr\u00fchlingsgarderobe. Kalt von Hand waschen oder im Schonwaschgang.<\/p>","protected":false},"excerpt":{"rendered":"<p>25 Momme Sandwashed Seide Seiden-T-Shirt in Leopard. Sandwashed-Finish, weicher Faltenwurf und Gr\u00f6\u00dfenauswahl Custom. Entworfen f\u00fcr M\u00e4nner.<\/p>","protected":false},"featured_media":1267,"template":"","meta":{"_gspb_post_css":""},"product_brand":[],"product_cat":[28],"product_tag":[919,903,881],"class_list":{"0":"post-938","1":"product","2":"type-product","3":"status-publish","4":"has-post-thumbnail","6":"product_cat-silk-t-shirts","7":"product_tag-25-momme-silk-t-shirt-leopard","8":"product_tag-manufacturer-silk-t-shirt-for-men","9":"product_tag-sandwashed-silk-t-shirt-sandwashed","11":"first","12":"instock","13":"shipping-taxable","14":"purchasable","15":"product-type-simple"},"_links":{"self":[{"href":"https:\/\/silk-pajamas.com\/de\/wp-json\/wp\/v2\/product\/938","targetHints":{"allow":["GET"]}}],"collection":[{"href":"https:\/\/silk-pajamas.com\/de\/wp-json\/wp\/v2\/product"}],"about":[{"href":"https:\/\/silk-pajamas.com\/de\/wp-json\/wp\/v2\/types\/product"}],"wp:featuredmedia":[{"embeddable":true,"href":"https:\/\/silk-pajamas.com\/de\/wp-json\/wp\/v2\/media\/1267"}],"wp:attachment":[{"href":"https:\/\/silk-pajamas.com\/de\/wp-json\/wp\/v2\/media?parent=938"}],"wp:term":[{"taxonomy":"product_brand","embeddable":true,"href":"https:\/\/silk-pajamas.com\/de\/wp-json\/wp\/v2\/product_brand?post=938"},{"taxonomy":"product_cat","embeddable":true,"href":"https:\/\/silk-pajamas.com\/de\/wp-json\/wp\/v2\/product_cat?post=938"},{"taxonomy":"product_tag","embeddable":true,"href":"https:\/\/silk-pajamas.com\/de\/wp-json\/wp\/v2\/product_tag?post=938"}],"curies":[{"name":"wp","href":"https:\/\/api.w.org\/{rel}","templated":true}]}}