{"id":939,"date":"2026-04-12T15:43:44","date_gmt":"2026-04-12T15:43:44","guid":{"rendered":"https:\/\/silk-pajamas.com\/16-momme-crepe-silk-t-shirt-crew-neck-lilac-supplier\/"},"modified":"2026-04-17T02:10:39","modified_gmt":"2026-04-17T02:10:39","slug":"16-momme-crepe-silk-t-shirt-crew-neck-lilac-supplier","status":"publish","type":"product","link":"https:\/\/silk-pajamas.com\/de\/16-momme-crepe-silk-t-shirt-crew-neck-lilac-supplier\/","title":{"rendered":"16 Momme Krepp-Seiden-T-Shirt Rundhalsausschnitt Flieder Lieferant"},"content":{"rendered":"<p>Dieses Seidenshirt aus 16-Momme-Cr\u00eape-Seide kombiniert einen Rundhalsausschnitt mit einem weichen Glanz und einem atmungsaktiven Tragegef\u00fchl. Das fliederfarbene Finish verleiht ihm einen raffinierten Look, w\u00e4hrend die Gr\u00f6\u00dfen XL, XXL, 3XL und 4XL den Kernbedarf decken. Geeignet f\u00fcr Reisen und die Sommergarderobe. Kalt von Hand waschen oder im Schonwaschgang.<\/p>","protected":false},"excerpt":{"rendered":"<p>16 Momme Crepe Seiden-T-Shirt in Flieder. Rundhalsausschnitt, leichtes Tragegef\u00fchl und Gr\u00f6\u00dfen XL, XXL, 3XL, 4XL. F\u00fcr den Einsatz auf Reisen konzipiert.<\/p>","protected":false},"featured_media":1268,"template":"","meta":{"_gspb_post_css":""},"product_brand":[],"product_cat":[28],"product_tag":[900,920,921],"class_list":{"0":"post-939","1":"product","2":"type-product","3":"status-publish","4":"has-post-thumbnail","6":"product_cat-silk-t-shirts","7":"product_tag-16-momme-silk-t-shirt-lilac","8":"product_tag-crepe-silk-t-shirt-crew-neck","9":"product_tag-factory-silk-t-shirt-for-travel-use","11":"first","12":"instock","13":"shipping-taxable","14":"purchasable","15":"product-type-simple"},"_links":{"self":[{"href":"https:\/\/silk-pajamas.com\/de\/wp-json\/wp\/v2\/product\/939","targetHints":{"allow":["GET"]}}],"collection":[{"href":"https:\/\/silk-pajamas.com\/de\/wp-json\/wp\/v2\/product"}],"about":[{"href":"https:\/\/silk-pajamas.com\/de\/wp-json\/wp\/v2\/types\/product"}],"wp:featuredmedia":[{"embeddable":true,"href":"https:\/\/silk-pajamas.com\/de\/wp-json\/wp\/v2\/media\/1268"}],"wp:attachment":[{"href":"https:\/\/silk-pajamas.com\/de\/wp-json\/wp\/v2\/media?parent=939"}],"wp:term":[{"taxonomy":"product_brand","embeddable":true,"href":"https:\/\/silk-pajamas.com\/de\/wp-json\/wp\/v2\/product_brand?post=939"},{"taxonomy":"product_cat","embeddable":true,"href":"https:\/\/silk-pajamas.com\/de\/wp-json\/wp\/v2\/product_cat?post=939"},{"taxonomy":"product_tag","embeddable":true,"href":"https:\/\/silk-pajamas.com\/de\/wp-json\/wp\/v2\/product_tag?post=939"}],"curies":[{"name":"wp","href":"https:\/\/api.w.org\/{rel}","templated":true}]}}