{"id":941,"date":"2026-04-12T15:43:44","date_gmt":"2026-04-12T15:43:44","guid":{"rendered":"https:\/\/silk-pajamas.com\/16-momme-mulberry-silk-tee-short-sleeve-navy-wholesale\/"},"modified":"2026-04-17T02:15:07","modified_gmt":"2026-04-17T02:15:07","slug":"16-momme-mulberry-silk-tee-short-sleeve-navy-wholesale","status":"publish","type":"product","link":"https:\/\/silk-pajamas.com\/de\/16-momme-mulberry-silk-tee-short-sleeve-navy-wholesale\/","title":{"rendered":"16 Momme Mulberry Silk Tee Kurzarm Navy Gro\u00dfhandel"},"content":{"rendered":"<p>Dieses Seiden-T-Shirt ist aus 16 momme Maulbeerseide in einem navyfarbenen Ton gefertigt. Es zeichnet sich durch kurze \u00c4rmel, ein weiches Handgef\u00fchl und einen bequemen Fall f\u00fcr M\u00e4nner aus. Der Stil unterst\u00fctzt die Gr\u00f6\u00dfe Custom und eignet sich gut f\u00fcr den Fr\u00fchling, zum Verschenken und f\u00fcr den t\u00e4glichen Komfort. Handw\u00e4sche kalt oder im Schonwaschgang.<\/p>","protected":false},"excerpt":{"rendered":"<p>16 Momme Mulberry Seide Seiden-T-Shirt in Navy. Kurze \u00c4rmel, weiches Tragegef\u00fchl und Gr\u00f6\u00dfenauswahl nach Ma\u00df. Entworfen f\u00fcr M\u00e4nner.<\/p>","protected":false},"featured_media":1274,"template":"","meta":{"_gspb_post_css":""},"product_brand":[],"product_cat":[28],"product_tag":[894,901,899],"class_list":{"0":"post-941","1":"product","2":"type-product","3":"status-publish","4":"has-post-thumbnail","6":"product_cat-silk-t-shirts","7":"product_tag-16-momme-silk-t-shirt-navy","8":"product_tag-mulberry-silk-t-shirt-short-sleeve","9":"product_tag-vendor-silk-t-shirt-for-men","11":"first","12":"instock","13":"featured","14":"shipping-taxable","15":"purchasable","16":"product-type-simple"},"_links":{"self":[{"href":"https:\/\/silk-pajamas.com\/de\/wp-json\/wp\/v2\/product\/941","targetHints":{"allow":["GET"]}}],"collection":[{"href":"https:\/\/silk-pajamas.com\/de\/wp-json\/wp\/v2\/product"}],"about":[{"href":"https:\/\/silk-pajamas.com\/de\/wp-json\/wp\/v2\/types\/product"}],"wp:featuredmedia":[{"embeddable":true,"href":"https:\/\/silk-pajamas.com\/de\/wp-json\/wp\/v2\/media\/1274"}],"wp:attachment":[{"href":"https:\/\/silk-pajamas.com\/de\/wp-json\/wp\/v2\/media?parent=941"}],"wp:term":[{"taxonomy":"product_brand","embeddable":true,"href":"https:\/\/silk-pajamas.com\/de\/wp-json\/wp\/v2\/product_brand?post=941"},{"taxonomy":"product_cat","embeddable":true,"href":"https:\/\/silk-pajamas.com\/de\/wp-json\/wp\/v2\/product_cat?post=941"},{"taxonomy":"product_tag","embeddable":true,"href":"https:\/\/silk-pajamas.com\/de\/wp-json\/wp\/v2\/product_tag?post=941"}],"curies":[{"name":"wp","href":"https:\/\/api.w.org\/{rel}","templated":true}]}}