{"id":942,"date":"2026-04-12T15:43:44","date_gmt":"2026-04-12T15:43:44","guid":{"rendered":"https:\/\/silk-pajamas.com\/22-momme-mulberry-silk-tee-sandwashed-floral-manufacturer\/"},"modified":"2026-04-17T02:38:22","modified_gmt":"2026-04-17T02:38:22","slug":"22-momme-mulberry-silk-tee-sandwashed-floral-manufacturer","status":"publish","type":"product","link":"https:\/\/silk-pajamas.com\/de\/22-momme-mulberry-silk-tee-sandwashed-floral-manufacturer\/","title":{"rendered":"22 Momme Mulberry Silk Tee Sandwashed Floral Hersteller"},"content":{"rendered":"<p>Dieses Seiden-T-Shirt ist aus 22 momme Maulbeerseide in einem floralen Farbton gefertigt. Es ist sandgestrahlt, f\u00fchlt sich weich an und hat einen bequemen Fall f\u00fcr die Reise. Der Stil unterst\u00fctzt die Gr\u00f6\u00dfen XL, XXL, 3XL, 4XL und eignet sich gut f\u00fcr Herbstkleidung, Geschenke und t\u00e4glichen Komfort. Handw\u00e4sche kalt oder im Schonwaschgang.<\/p>","protected":false},"excerpt":{"rendered":"<p>22 Momme Mulberry Seide Seiden-T-Shirt in Floral. Sandwich-Verarbeitung, thermoregulierendes Gef\u00fchl und Gr\u00f6\u00dfenauswahl XL, XXL, 3XL, 4XL. Konzipiert f\u00fcr den Einsatz auf Reisen.<\/p>","protected":false},"featured_media":1280,"template":"","meta":{"_gspb_post_css":""},"product_brand":[],"product_cat":[28],"product_tag":[924,925,882],"class_list":{"0":"post-942","1":"product","2":"type-product","3":"status-publish","4":"has-post-thumbnail","6":"product_cat-silk-t-shirts","7":"product_tag-22-momme-silk-t-shirt-floral","8":"product_tag-mulberry-silk-t-shirt-sandwashed","9":"product_tag-supplier-silk-t-shirt-for-travel-use","11":"first","12":"instock","13":"shipping-taxable","14":"purchasable","15":"product-type-simple"},"_links":{"self":[{"href":"https:\/\/silk-pajamas.com\/de\/wp-json\/wp\/v2\/product\/942","targetHints":{"allow":["GET"]}}],"collection":[{"href":"https:\/\/silk-pajamas.com\/de\/wp-json\/wp\/v2\/product"}],"about":[{"href":"https:\/\/silk-pajamas.com\/de\/wp-json\/wp\/v2\/types\/product"}],"wp:featuredmedia":[{"embeddable":true,"href":"https:\/\/silk-pajamas.com\/de\/wp-json\/wp\/v2\/media\/1280"}],"wp:attachment":[{"href":"https:\/\/silk-pajamas.com\/de\/wp-json\/wp\/v2\/media?parent=942"}],"wp:term":[{"taxonomy":"product_brand","embeddable":true,"href":"https:\/\/silk-pajamas.com\/de\/wp-json\/wp\/v2\/product_brand?post=942"},{"taxonomy":"product_cat","embeddable":true,"href":"https:\/\/silk-pajamas.com\/de\/wp-json\/wp\/v2\/product_cat?post=942"},{"taxonomy":"product_tag","embeddable":true,"href":"https:\/\/silk-pajamas.com\/de\/wp-json\/wp\/v2\/product_tag?post=942"}],"curies":[{"name":"wp","href":"https:\/\/api.w.org\/{rel}","templated":true}]}}