{"id":944,"date":"2026-04-12T15:43:44","date_gmt":"2026-04-12T15:43:44","guid":{"rendered":"https:\/\/silk-pajamas.com\/19-momme-mulberry-silk-bra-panty-set-soft-cup-black-factory\/"},"modified":"2026-04-17T02:43:37","modified_gmt":"2026-04-17T02:43:37","slug":"19-momme-mulberry-silk-bra-panty-set-soft-cup-black-factory","status":"publish","type":"product","link":"https:\/\/silk-pajamas.com\/de\/19-momme-mulberry-silk-bra-panty-set-soft-cup-black-factory\/","title":{"rendered":"19 Momme Mulberry Seide BH Panty Set Soft Cup Schwarz Fabrik"},"content":{"rendered":"<p>Dieses BH- und H\u00f6schen-Set ist aus 19 momme Maulbeerseide in einem schwarzen Farbton gefertigt. Es zeichnet sich durch weiche Cups, ein glattes Handgef\u00fchl und einen angenehmen Faltenwurf f\u00fcr empfindliche Haut aus. Der Stil unterst\u00fctzt die Gr\u00f6\u00dfen 34B, 36B, 38B, 40C und eignet sich f\u00fcr alle Jahreszeiten, zum Verschenken und f\u00fcr den t\u00e4glichen Komfort. Handw\u00e4sche kalt oder im Schonwaschgang.<\/p>","protected":false},"excerpt":{"rendered":"<p>19 Momme Mulberry Seiden-BH und H\u00f6schen-Set in Schwarz. Soft-Cup-Verarbeitung, thermoregulierendes Gef\u00fchl und Gr\u00f6\u00dfenbereich 34B, 36B, 38B, 40C. Entworfen f\u00fcr empfindliche Haut.<\/p>","protected":false},"featured_media":1283,"template":"","meta":{"_gspb_post_css":""},"product_brand":[],"product_cat":[40],"product_tag":[929,930,931],"class_list":{"0":"post-944","1":"product","2":"type-product","3":"status-publish","4":"has-post-thumbnail","6":"product_cat-silk-bra-panty-sets","7":"product_tag-19-momme-silk-bra-panty-set-black","8":"product_tag-mulberry-silk-bra-panty-set-soft-cup","9":"product_tag-wholesale-silk-bra-panty-set-for-sensitive-skin","11":"first","12":"instock","13":"shipping-taxable","14":"purchasable","15":"product-type-simple"},"_links":{"self":[{"href":"https:\/\/silk-pajamas.com\/de\/wp-json\/wp\/v2\/product\/944","targetHints":{"allow":["GET"]}}],"collection":[{"href":"https:\/\/silk-pajamas.com\/de\/wp-json\/wp\/v2\/product"}],"about":[{"href":"https:\/\/silk-pajamas.com\/de\/wp-json\/wp\/v2\/types\/product"}],"wp:featuredmedia":[{"embeddable":true,"href":"https:\/\/silk-pajamas.com\/de\/wp-json\/wp\/v2\/media\/1283"}],"wp:attachment":[{"href":"https:\/\/silk-pajamas.com\/de\/wp-json\/wp\/v2\/media?parent=944"}],"wp:term":[{"taxonomy":"product_brand","embeddable":true,"href":"https:\/\/silk-pajamas.com\/de\/wp-json\/wp\/v2\/product_brand?post=944"},{"taxonomy":"product_cat","embeddable":true,"href":"https:\/\/silk-pajamas.com\/de\/wp-json\/wp\/v2\/product_cat?post=944"},{"taxonomy":"product_tag","embeddable":true,"href":"https:\/\/silk-pajamas.com\/de\/wp-json\/wp\/v2\/product_tag?post=944"}],"curies":[{"name":"wp","href":"https:\/\/api.w.org\/{rel}","templated":true}]}}