{"id":945,"date":"2026-04-12T15:43:44","date_gmt":"2026-04-12T15:43:44","guid":{"rendered":"https:\/\/silk-pajamas.com\/16-momme-charmeuse-silk-bra-panty-set-stretch-fit-rose\/"},"modified":"2026-04-17T02:45:08","modified_gmt":"2026-04-17T02:45:08","slug":"16-momme-charmeuse-silk-bra-panty-set-stretch-fit-rose","status":"publish","type":"product","link":"https:\/\/silk-pajamas.com\/de\/16-momme-charmeuse-silk-bra-panty-set-stretch-fit-rose\/","title":{"rendered":"16 Momme Charmeuse Seide BH Panty Set Stretch Fit Rose"},"content":{"rendered":"<p>Dieses BH- und H\u00f6schenset aus 16 Momme-Charmeuse-Seide kombiniert eine dehnbare Passform mit einem weichen Glanz und einem atmungsaktiven Tragegef\u00fchl. Das ros\u00e9farbene Finish verleiht ihm einen raffinierten Look, w\u00e4hrend die Gr\u00f6\u00dfen S, M, L, XL den Kernbedarf abdecken. Geeignet f\u00fcr empfindliche Haut und die Herbstgarderobe. Kalt von Hand waschen oder im Schonwaschgang.<\/p>","protected":false},"excerpt":{"rendered":"<p>16 Momme Charmeuse Seide BH und H\u00f6schen Set in Rose. Stretch Fit Finish, leichtes Gef\u00fchl und Gr\u00f6\u00dfenauswahl S, M, L, XL. Entworfen f\u00fcr empfindliche Haut.<\/p>","protected":false},"featured_media":1292,"template":"","meta":{"_gspb_post_css":""},"product_brand":[],"product_cat":[40],"product_tag":[932,933,934],"class_list":{"0":"post-945","1":"product","2":"type-product","3":"status-publish","4":"has-post-thumbnail","6":"product_cat-silk-bra-panty-sets","7":"product_tag-16-momme-silk-bra-panty-set-rose","8":"product_tag-charmeuse-silk-bra-panty-set-stretch-fit","9":"product_tag-vendor-silk-bra-panty-set-for-sensitive-skin","11":"first","12":"instock","13":"shipping-taxable","14":"purchasable","15":"product-type-simple"},"_links":{"self":[{"href":"https:\/\/silk-pajamas.com\/de\/wp-json\/wp\/v2\/product\/945","targetHints":{"allow":["GET"]}}],"collection":[{"href":"https:\/\/silk-pajamas.com\/de\/wp-json\/wp\/v2\/product"}],"about":[{"href":"https:\/\/silk-pajamas.com\/de\/wp-json\/wp\/v2\/types\/product"}],"wp:featuredmedia":[{"embeddable":true,"href":"https:\/\/silk-pajamas.com\/de\/wp-json\/wp\/v2\/media\/1292"}],"wp:attachment":[{"href":"https:\/\/silk-pajamas.com\/de\/wp-json\/wp\/v2\/media?parent=945"}],"wp:term":[{"taxonomy":"product_brand","embeddable":true,"href":"https:\/\/silk-pajamas.com\/de\/wp-json\/wp\/v2\/product_brand?post=945"},{"taxonomy":"product_cat","embeddable":true,"href":"https:\/\/silk-pajamas.com\/de\/wp-json\/wp\/v2\/product_cat?post=945"},{"taxonomy":"product_tag","embeddable":true,"href":"https:\/\/silk-pajamas.com\/de\/wp-json\/wp\/v2\/product_tag?post=945"}],"curies":[{"name":"wp","href":"https:\/\/api.w.org\/{rel}","templated":true}]}}