{"id":946,"date":"2026-04-12T15:43:44","date_gmt":"2026-04-12T15:43:44","guid":{"rendered":"https:\/\/silk-pajamas.com\/22-momme-charmeuse-silk-bralette-set-lace-trim-emerald\/"},"modified":"2026-04-17T02:45:37","modified_gmt":"2026-04-17T02:45:37","slug":"22-momme-charmeuse-silk-bralette-set-lace-trim-emerald","status":"publish","type":"product","link":"https:\/\/silk-pajamas.com\/de\/22-momme-charmeuse-silk-bralette-set-lace-trim-emerald\/","title":{"rendered":"22 Momme Charmeuse Seide Bralette Set Spitzenbesatz Smaragd"},"content":{"rendered":"<p>Dieses BH- und H\u00f6schen-Set ist aus 22 Momme-Charmeuse-Seide in einem Smaragdton gefertigt. Es zeichnet sich durch Spitzenbesatz, ein weiches Handgef\u00fchl und einen angenehmen Fall f\u00fcr die Brautgarderobe aus. Das Modell ist in den Gr\u00f6\u00dfen S, M, L und XL erh\u00e4ltlich und eignet sich gut f\u00fcr den Herbst, als Geschenk und f\u00fcr den t\u00e4glichen Komfort. Kalt von Hand waschen oder im Schonwaschgang.<\/p>","protected":false},"excerpt":{"rendered":"<p>22 Momme Charmeuse Seide BH und Slip Set in Emerald. Mit Spitzenbesatz, thermoregulierend und in den Gr\u00f6\u00dfen S, M, L, XL erh\u00e4ltlich. Entworfen f\u00fcr Brautkleiderschr\u00e4nke.<\/p>","protected":false},"featured_media":1159,"template":"","meta":{"_gspb_post_css":""},"product_brand":[],"product_cat":[40],"product_tag":[935,936,937],"class_list":{"0":"post-946","1":"product","2":"type-product","3":"status-publish","4":"has-post-thumbnail","6":"product_cat-silk-bra-panty-sets","7":"product_tag-22-momme-silk-bra-panty-set-emerald","8":"product_tag-charmeuse-silk-bra-panty-set-lace-trim","9":"product_tag-factory-silk-bra-panty-set-for-bridal-wardrobes","11":"first","12":"instock","13":"shipping-taxable","14":"purchasable","15":"product-type-simple"},"_links":{"self":[{"href":"https:\/\/silk-pajamas.com\/de\/wp-json\/wp\/v2\/product\/946","targetHints":{"allow":["GET"]}}],"collection":[{"href":"https:\/\/silk-pajamas.com\/de\/wp-json\/wp\/v2\/product"}],"about":[{"href":"https:\/\/silk-pajamas.com\/de\/wp-json\/wp\/v2\/types\/product"}],"wp:featuredmedia":[{"embeddable":true,"href":"https:\/\/silk-pajamas.com\/de\/wp-json\/wp\/v2\/media\/1159"}],"wp:attachment":[{"href":"https:\/\/silk-pajamas.com\/de\/wp-json\/wp\/v2\/media?parent=946"}],"wp:term":[{"taxonomy":"product_brand","embeddable":true,"href":"https:\/\/silk-pajamas.com\/de\/wp-json\/wp\/v2\/product_brand?post=946"},{"taxonomy":"product_cat","embeddable":true,"href":"https:\/\/silk-pajamas.com\/de\/wp-json\/wp\/v2\/product_cat?post=946"},{"taxonomy":"product_tag","embeddable":true,"href":"https:\/\/silk-pajamas.com\/de\/wp-json\/wp\/v2\/product_tag?post=946"}],"curies":[{"name":"wp","href":"https:\/\/api.w.org\/{rel}","templated":true}]}}