{"id":947,"date":"2026-04-12T15:43:44","date_gmt":"2026-04-12T15:43:44","guid":{"rendered":"https:\/\/silk-pajamas.com\/22-momme-sandwashed-silk-bralette-set-lace-trim-champagne\/"},"modified":"2026-04-17T02:48:49","modified_gmt":"2026-04-17T02:48:49","slug":"22-momme-sandwashed-silk-bralette-set-lace-trim-champagne","status":"publish","type":"product","link":"https:\/\/silk-pajamas.com\/de\/22-momme-sandwashed-silk-bralette-set-lace-trim-champagne\/","title":{"rendered":"22 Momme Sandwashed Seiden-Bralette Set Spitzenbesatz Champagner"},"content":{"rendered":"<p>Dieses BH- und H\u00f6schen-Set aus 22 Momme-Sandwich-Seide kombiniert Spitzenverzierungen mit einem weichen Glanz und einem atmungsaktiven Gef\u00fchl. Das champagnerfarbene Finish verleiht ihm einen raffinierten Look, w\u00e4hrend die Gr\u00f6\u00dfen 34B, 36B, 38B, 40C helfen, den Kernbedarf zu decken. Geeignet f\u00fcr Geschenksortimente und die Garderobe der ganzen Saison. Kalt von Hand waschen oder im Schonwaschgang.<\/p>","protected":false},"excerpt":{"rendered":"<p>22 Momme Sandwashed Seiden-BH und Slip-Set in Champagner. Mit Spitzenbesatz, weichem Faltenwurf und den Gr\u00f6\u00dfen 34B, 36B, 38B und 40C. Entworfen f\u00fcr Geschenksortimente.<\/p>","protected":false},"featured_media":1294,"template":"","meta":{"_gspb_post_css":""},"product_brand":[],"product_cat":[40],"product_tag":[938,939,940],"class_list":{"0":"post-947","1":"product","2":"type-product","3":"status-publish","4":"has-post-thumbnail","6":"product_cat-silk-bra-panty-sets","7":"product_tag-22-momme-silk-bra-panty-set-champagne","8":"product_tag-sandwashed-silk-bra-panty-set-lace-trim","9":"product_tag-supplier-silk-bra-panty-set-for-gift-assortments","11":"first","12":"instock","13":"shipping-taxable","14":"purchasable","15":"product-type-simple"},"_links":{"self":[{"href":"https:\/\/silk-pajamas.com\/de\/wp-json\/wp\/v2\/product\/947","targetHints":{"allow":["GET"]}}],"collection":[{"href":"https:\/\/silk-pajamas.com\/de\/wp-json\/wp\/v2\/product"}],"about":[{"href":"https:\/\/silk-pajamas.com\/de\/wp-json\/wp\/v2\/types\/product"}],"wp:featuredmedia":[{"embeddable":true,"href":"https:\/\/silk-pajamas.com\/de\/wp-json\/wp\/v2\/media\/1294"}],"wp:attachment":[{"href":"https:\/\/silk-pajamas.com\/de\/wp-json\/wp\/v2\/media?parent=947"}],"wp:term":[{"taxonomy":"product_brand","embeddable":true,"href":"https:\/\/silk-pajamas.com\/de\/wp-json\/wp\/v2\/product_brand?post=947"},{"taxonomy":"product_cat","embeddable":true,"href":"https:\/\/silk-pajamas.com\/de\/wp-json\/wp\/v2\/product_cat?post=947"},{"taxonomy":"product_tag","embeddable":true,"href":"https:\/\/silk-pajamas.com\/de\/wp-json\/wp\/v2\/product_tag?post=947"}],"curies":[{"name":"wp","href":"https:\/\/api.w.org\/{rel}","templated":true}]}}