{"id":948,"date":"2026-04-12T15:43:45","date_gmt":"2026-04-12T15:43:45","guid":{"rendered":"https:\/\/silk-pajamas.com\/16-momme-stretch-silk-bra-panty-set-soft-cup-ivory-vendor\/"},"modified":"2026-04-17T01:49:36","modified_gmt":"2026-04-17T01:49:36","slug":"16-momme-stretch-silk-bra-panty-set-soft-cup-ivory-vendor","status":"publish","type":"product","link":"https:\/\/silk-pajamas.com\/de\/16-momme-stretch-silk-bra-panty-set-soft-cup-ivory-vendor\/","title":{"rendered":"16 Momme Stretch Seide BH Panty Set Soft Cup Elfenbein Verk\u00e4ufer"},"content":{"rendered":"<p>Dieses BH- und H\u00f6schenset aus 16-Momme-Stretchseide bietet ein atmungsaktives, sanftes Hautgef\u00fchl und elegante Bewegungen. Die weiche Cup-Konstruktion und die elfenbeinfarbene Farbe sorgen f\u00fcr einen eleganten Look f\u00fcr Frauen. Erh\u00e4ltlich in S, M, L, XL. Kalt von Hand waschen oder im Schonwaschgang.<\/p>","protected":false},"excerpt":{"rendered":"<p>16 Momme Stretch Silk Seiden-BH und H\u00f6schen Set in Elfenbein. Weiches Cup-Finish, atmungsaktives Gef\u00fchl und Gr\u00f6\u00dfenauswahl S, M, L, XL. Entworfen f\u00fcr Frauen.<\/p>","protected":false},"featured_media":1226,"template":"","meta":{"_gspb_post_css":""},"product_brand":[],"product_cat":[40],"product_tag":[926,941,942],"class_list":{"0":"post-948","1":"product","2":"type-product","3":"status-publish","4":"has-post-thumbnail","6":"product_cat-silk-bra-panty-sets","7":"product_tag-16-momme-silk-bra-panty-set-ivory","8":"product_tag-stretch-silk-silk-bra-panty-set-soft-cup","9":"product_tag-wholesale-silk-bra-panty-set-for-women","11":"first","12":"instock","13":"featured","14":"shipping-taxable","15":"purchasable","16":"product-type-simple"},"_links":{"self":[{"href":"https:\/\/silk-pajamas.com\/de\/wp-json\/wp\/v2\/product\/948","targetHints":{"allow":["GET"]}}],"collection":[{"href":"https:\/\/silk-pajamas.com\/de\/wp-json\/wp\/v2\/product"}],"about":[{"href":"https:\/\/silk-pajamas.com\/de\/wp-json\/wp\/v2\/types\/product"}],"wp:featuredmedia":[{"embeddable":true,"href":"https:\/\/silk-pajamas.com\/de\/wp-json\/wp\/v2\/media\/1226"}],"wp:attachment":[{"href":"https:\/\/silk-pajamas.com\/de\/wp-json\/wp\/v2\/media?parent=948"}],"wp:term":[{"taxonomy":"product_brand","embeddable":true,"href":"https:\/\/silk-pajamas.com\/de\/wp-json\/wp\/v2\/product_brand?post=948"},{"taxonomy":"product_cat","embeddable":true,"href":"https:\/\/silk-pajamas.com\/de\/wp-json\/wp\/v2\/product_cat?post=948"},{"taxonomy":"product_tag","embeddable":true,"href":"https:\/\/silk-pajamas.com\/de\/wp-json\/wp\/v2\/product_tag?post=948"}],"curies":[{"name":"wp","href":"https:\/\/api.w.org\/{rel}","templated":true}]}}