{"id":951,"date":"2026-04-12T15:43:45","date_gmt":"2026-04-12T15:43:45","guid":{"rendered":"https:\/\/silk-pajamas.com\/19-momme-sandwashed-silk-bra-panty-set-lace-trim-sky-blue\/"},"modified":"2026-04-17T01:59:39","modified_gmt":"2026-04-17T01:59:39","slug":"19-momme-sandwashed-silk-bra-panty-set-lace-trim-sky-blue","status":"publish","type":"product","link":"https:\/\/silk-pajamas.com\/de\/19-momme-sandwashed-silk-bra-panty-set-lace-trim-sky-blue\/","title":{"rendered":"19 Momme Sandwashed Seide BH Panty Set Spitzenbesatz Himmelblau"},"content":{"rendered":"<p>Dieses BH- und H\u00f6schen-Set ist aus 19 momme sandgewaschener Seide in einem himmelblauen Farbton gefertigt. Es zeichnet sich durch Spitzenbesatz, ein glattes Handgef\u00fchl und einen angenehmen Fall f\u00fcr die Brautgarderobe aus. Das Modell ist in den Gr\u00f6\u00dfen S, M, L und XL erh\u00e4ltlich und eignet sich gut f\u00fcr den Fr\u00fchling, als Geschenk und f\u00fcr den t\u00e4glichen Komfort. Kalt von Hand waschen oder im Schonwaschgang.<\/p>","protected":false},"excerpt":{"rendered":"<p>19 Momme Sandwashed Seide BH und H\u00f6schen Set in Sky Blue. Mit Spitzenbesatz, weichem Griff und den Gr\u00f6\u00dfen S, M, L und XL. Entworfen f\u00fcr die Brautgarderobe.<\/p>","protected":false},"featured_media":1251,"template":"","meta":{"_gspb_post_css":""},"product_brand":[],"product_cat":[40],"product_tag":[945,939,946],"class_list":{"0":"post-951","1":"product","2":"type-product","3":"status-publish","4":"has-post-thumbnail","6":"product_cat-silk-bra-panty-sets","7":"product_tag-19-momme-silk-bra-panty-set-sky-blue","8":"product_tag-sandwashed-silk-bra-panty-set-lace-trim","9":"product_tag-vendor-silk-bra-panty-set-for-bridal-wardrobes","11":"first","12":"instock","13":"shipping-taxable","14":"purchasable","15":"product-type-simple"},"_links":{"self":[{"href":"https:\/\/silk-pajamas.com\/de\/wp-json\/wp\/v2\/product\/951","targetHints":{"allow":["GET"]}}],"collection":[{"href":"https:\/\/silk-pajamas.com\/de\/wp-json\/wp\/v2\/product"}],"about":[{"href":"https:\/\/silk-pajamas.com\/de\/wp-json\/wp\/v2\/types\/product"}],"wp:featuredmedia":[{"embeddable":true,"href":"https:\/\/silk-pajamas.com\/de\/wp-json\/wp\/v2\/media\/1251"}],"wp:attachment":[{"href":"https:\/\/silk-pajamas.com\/de\/wp-json\/wp\/v2\/media?parent=951"}],"wp:term":[{"taxonomy":"product_brand","embeddable":true,"href":"https:\/\/silk-pajamas.com\/de\/wp-json\/wp\/v2\/product_brand?post=951"},{"taxonomy":"product_cat","embeddable":true,"href":"https:\/\/silk-pajamas.com\/de\/wp-json\/wp\/v2\/product_cat?post=951"},{"taxonomy":"product_tag","embeddable":true,"href":"https:\/\/silk-pajamas.com\/de\/wp-json\/wp\/v2\/product_tag?post=951"}],"curies":[{"name":"wp","href":"https:\/\/api.w.org\/{rel}","templated":true}]}}