{"id":953,"date":"2026-04-12T15:43:46","date_gmt":"2026-04-12T15:43:46","guid":{"rendered":"https:\/\/silk-pajamas.com\/19-momme-mulberry-silk-bralette-set-wireless-ivory-supplier\/"},"modified":"2026-04-16T09:09:17","modified_gmt":"2026-04-16T09:09:17","slug":"19-momme-mulberry-silk-bralette-set-wireless-ivory-supplier","status":"publish","type":"product","link":"https:\/\/silk-pajamas.com\/de\/19-momme-mulberry-silk-bralette-set-wireless-ivory-supplier\/","title":{"rendered":"19 Momme Maulbeerseide Bralette Set Drahtlos Elfenbein Lieferant"},"content":{"rendered":"<p>Dieses BH- und H\u00f6schenset aus 19 momme Maulbeerseide ist thermoregulierend und bietet ein sanftes Hautgef\u00fchl und elegante Bewegungsfreiheit. Die kabellose Konstruktion und die elfenbeinfarbene Farbe sorgen f\u00fcr einen eleganten Look f\u00fcr Frauen. Erh\u00e4ltlich in Custom. Kalt von Hand waschen oder im Schonwaschgang.<\/p>","protected":false},"excerpt":{"rendered":"<p>19 Momme Mulberry Seide BH und H\u00f6schen Set in Elfenbein. Kabellose Verarbeitung, thermoregulierendes Gef\u00fchl und Gr\u00f6\u00dfenauswahl Custom. Entworfen f\u00fcr Frauen.<\/p>","protected":false},"featured_media":1211,"template":"","meta":{"_gspb_post_css":""},"product_brand":[],"product_cat":[40],"product_tag":[949,950,942],"class_list":{"0":"post-953","1":"product","2":"type-product","3":"status-publish","4":"has-post-thumbnail","6":"product_cat-silk-bra-panty-sets","7":"product_tag-19-momme-silk-bra-panty-set-ivory","8":"product_tag-mulberry-silk-bra-panty-set-wireless","9":"product_tag-wholesale-silk-bra-panty-set-for-women","11":"first","12":"instock","13":"featured","14":"shipping-taxable","15":"purchasable","16":"product-type-simple"},"_links":{"self":[{"href":"https:\/\/silk-pajamas.com\/de\/wp-json\/wp\/v2\/product\/953","targetHints":{"allow":["GET"]}}],"collection":[{"href":"https:\/\/silk-pajamas.com\/de\/wp-json\/wp\/v2\/product"}],"about":[{"href":"https:\/\/silk-pajamas.com\/de\/wp-json\/wp\/v2\/types\/product"}],"wp:featuredmedia":[{"embeddable":true,"href":"https:\/\/silk-pajamas.com\/de\/wp-json\/wp\/v2\/media\/1211"}],"wp:attachment":[{"href":"https:\/\/silk-pajamas.com\/de\/wp-json\/wp\/v2\/media?parent=953"}],"wp:term":[{"taxonomy":"product_brand","embeddable":true,"href":"https:\/\/silk-pajamas.com\/de\/wp-json\/wp\/v2\/product_brand?post=953"},{"taxonomy":"product_cat","embeddable":true,"href":"https:\/\/silk-pajamas.com\/de\/wp-json\/wp\/v2\/product_cat?post=953"},{"taxonomy":"product_tag","embeddable":true,"href":"https:\/\/silk-pajamas.com\/de\/wp-json\/wp\/v2\/product_tag?post=953"}],"curies":[{"name":"wp","href":"https:\/\/api.w.org\/{rel}","templated":true}]}}