{"id":954,"date":"2026-04-12T15:43:46","date_gmt":"2026-04-12T15:43:46","guid":{"rendered":"https:\/\/silk-pajamas.com\/19-momme-mulberry-silk-bra-panty-set-french-cut-black\/"},"modified":"2026-04-16T09:28:29","modified_gmt":"2026-04-16T09:28:29","slug":"19-momme-mulberry-silk-bra-panty-set-french-cut-black","status":"publish","type":"product","link":"https:\/\/silk-pajamas.com\/de\/19-momme-mulberry-silk-bra-panty-set-french-cut-black\/","title":{"rendered":"19 Momme Mulberry Seide BH Panty Set Franz\u00f6sisch Schnitt Schwarz"},"content":{"rendered":"<p>Dieses BH- und H\u00f6schen-Set aus 19 momme Maulbeerseide bietet ein atmungsaktives, sanftes Hautgef\u00fchl und elegante Bewegungen. Die franz\u00f6sisch geschnittene Konstruktion und die schwarze Farbe halten den Look f\u00fcr Geschenksortimente poliert. Erh\u00e4ltlich in 34B, 36B, 38B, 40C. Kalt von Hand waschen oder im Schonwaschgang.<\/p>","protected":false},"excerpt":{"rendered":"<p>19 Momme Mulberry Seide BH und H\u00f6schen Set in Schwarz. French Cut Verarbeitung, atmungsaktives Gef\u00fchl und Gr\u00f6\u00dfenbereich 34B, 36B, 38B, 40C. Konzipiert f\u00fcr Geschenk-Sortimente.<\/p>","protected":false},"featured_media":1215,"template":"","meta":{"_gspb_post_css":""},"product_brand":[],"product_cat":[40],"product_tag":[929,952,951],"class_list":{"0":"post-954","1":"product","2":"type-product","3":"status-publish","4":"has-post-thumbnail","6":"product_cat-silk-bra-panty-sets","7":"product_tag-19-momme-silk-bra-panty-set-black","8":"product_tag-factory-silk-bra-panty-set-for-gift-assortments","9":"product_tag-mulberry-silk-bra-panty-set-french-cut","11":"first","12":"instock","13":"shipping-taxable","14":"purchasable","15":"product-type-simple"},"_links":{"self":[{"href":"https:\/\/silk-pajamas.com\/de\/wp-json\/wp\/v2\/product\/954","targetHints":{"allow":["GET"]}}],"collection":[{"href":"https:\/\/silk-pajamas.com\/de\/wp-json\/wp\/v2\/product"}],"about":[{"href":"https:\/\/silk-pajamas.com\/de\/wp-json\/wp\/v2\/types\/product"}],"wp:featuredmedia":[{"embeddable":true,"href":"https:\/\/silk-pajamas.com\/de\/wp-json\/wp\/v2\/media\/1215"}],"wp:attachment":[{"href":"https:\/\/silk-pajamas.com\/de\/wp-json\/wp\/v2\/media?parent=954"}],"wp:term":[{"taxonomy":"product_brand","embeddable":true,"href":"https:\/\/silk-pajamas.com\/de\/wp-json\/wp\/v2\/product_brand?post=954"},{"taxonomy":"product_cat","embeddable":true,"href":"https:\/\/silk-pajamas.com\/de\/wp-json\/wp\/v2\/product_cat?post=954"},{"taxonomy":"product_tag","embeddable":true,"href":"https:\/\/silk-pajamas.com\/de\/wp-json\/wp\/v2\/product_tag?post=954"}],"curies":[{"name":"wp","href":"https:\/\/api.w.org\/{rel}","templated":true}]}}