{"id":956,"date":"2026-04-12T15:43:46","date_gmt":"2026-04-12T15:43:46","guid":{"rendered":"https:\/\/silk-pajamas.com\/22-momme-charmeuse-silk-bralette-set-soft-cup-leopard\/"},"modified":"2026-04-16T09:32:08","modified_gmt":"2026-04-16T09:32:08","slug":"22-momme-charmeuse-silk-bralette-set-soft-cup-leopard","status":"publish","type":"product","link":"https:\/\/silk-pajamas.com\/de\/22-momme-charmeuse-silk-bralette-set-soft-cup-leopard\/","title":{"rendered":"22 Momme Charmeuse Seide Bralette Set Soft Cup Leopard"},"content":{"rendered":"<p>Dieses BH- und H\u00f6schenset aus 22 Momme-Charmeuse-Seide ist knitterfrei, f\u00fchlt sich angenehm auf der Haut an und l\u00e4sst sich elegant bewegen. Die weiche Cup-Konstruktion und die Leopardenfarbe sorgen f\u00fcr einen eleganten Look in der Brautgarderobe. Erh\u00e4ltlich in Custom. Kalt von Hand waschen oder im Schonwaschgang.<\/p>","protected":false},"excerpt":{"rendered":"<p>22 Momme Charmeuse Seide BH und H\u00f6schen Set in Leopard. Weiches Cup-Finish, knitterfreies Gef\u00fchl und Gr\u00f6\u00dfenbereich Custom. Entworfen f\u00fcr Brautkleiderschr\u00e4nke.<\/p>","protected":false},"featured_media":1222,"template":"","meta":{"_gspb_post_css":""},"product_brand":[],"product_cat":[40],"product_tag":[955,956,937],"class_list":{"0":"post-956","1":"product","2":"type-product","3":"status-publish","4":"has-post-thumbnail","6":"product_cat-silk-bra-panty-sets","7":"product_tag-22-momme-silk-bra-panty-set-leopard","8":"product_tag-charmeuse-silk-bra-panty-set-soft-cup","9":"product_tag-factory-silk-bra-panty-set-for-bridal-wardrobes","11":"first","12":"instock","13":"shipping-taxable","14":"purchasable","15":"product-type-simple"},"_links":{"self":[{"href":"https:\/\/silk-pajamas.com\/de\/wp-json\/wp\/v2\/product\/956","targetHints":{"allow":["GET"]}}],"collection":[{"href":"https:\/\/silk-pajamas.com\/de\/wp-json\/wp\/v2\/product"}],"about":[{"href":"https:\/\/silk-pajamas.com\/de\/wp-json\/wp\/v2\/types\/product"}],"wp:featuredmedia":[{"embeddable":true,"href":"https:\/\/silk-pajamas.com\/de\/wp-json\/wp\/v2\/media\/1222"}],"wp:attachment":[{"href":"https:\/\/silk-pajamas.com\/de\/wp-json\/wp\/v2\/media?parent=956"}],"wp:term":[{"taxonomy":"product_brand","embeddable":true,"href":"https:\/\/silk-pajamas.com\/de\/wp-json\/wp\/v2\/product_brand?post=956"},{"taxonomy":"product_cat","embeddable":true,"href":"https:\/\/silk-pajamas.com\/de\/wp-json\/wp\/v2\/product_cat?post=956"},{"taxonomy":"product_tag","embeddable":true,"href":"https:\/\/silk-pajamas.com\/de\/wp-json\/wp\/v2\/product_tag?post=956"}],"curies":[{"name":"wp","href":"https:\/\/api.w.org\/{rel}","templated":true}]}}