{"id":958,"date":"2026-04-12T15:43:46","date_gmt":"2026-04-12T15:43:46","guid":{"rendered":"https:\/\/silk-pajamas.com\/22-momme-sandwashed-silk-bralette-set-plus-size-floral\/"},"modified":"2026-04-16T10:28:04","modified_gmt":"2026-04-16T10:28:04","slug":"22-momme-sandwashed-silk-bralette-set-plus-size-floral","status":"publish","type":"product","link":"https:\/\/silk-pajamas.com\/de\/22-momme-sandwashed-silk-bralette-set-plus-size-floral\/","title":{"rendered":"22 Momme Sandwashed Seide Bralette Set Plus Gr\u00f6\u00dfe Floral"},"content":{"rendered":"<p>Dieses BH- und H\u00f6schen-Set ist aus 22 momme sandgewaschener Seide in einem floralen Ton gefertigt. Es verf\u00fcgt \u00fcber verstellbare Tr\u00e4ger, ein glattes Handgef\u00fchl und komfortable drapieren f\u00fcr Geschenk-Sortimente. Das Set ist in den Gr\u00f6\u00dfen XL, XXL, 3XL und 4XL erh\u00e4ltlich und eignet sich f\u00fcr alle Jahreszeiten, zum Verschenken und f\u00fcr den t\u00e4glichen Komfort. Handw\u00e4sche kalt oder im Schonwaschgang.<\/p>","protected":false},"excerpt":{"rendered":"<p>22 Momme Sandwashed Seide BH und Slip Set in Floral. Mit verstellbaren Tr\u00e4gern, atmungsaktiv und in den Gr\u00f6\u00dfen XL, XXL, 3XL, 4XL erh\u00e4ltlich. Entworfen f\u00fcr Geschenksortimente.<\/p>","protected":false},"featured_media":1230,"template":"","meta":{"_gspb_post_css":""},"product_brand":[],"product_cat":[40],"product_tag":[959,960,961],"class_list":{"0":"post-958","1":"product","2":"type-product","3":"status-publish","4":"has-post-thumbnail","6":"product_cat-silk-bra-panty-sets","7":"product_tag-22-momme-silk-bra-panty-set-floral","8":"product_tag-sandwashed-silk-bra-panty-set-adjustable-strap","9":"product_tag-vendor-silk-bra-panty-set-for-gift-assortments","11":"first","12":"instock","13":"featured","14":"shipping-taxable","15":"purchasable","16":"product-type-simple"},"_links":{"self":[{"href":"https:\/\/silk-pajamas.com\/de\/wp-json\/wp\/v2\/product\/958","targetHints":{"allow":["GET"]}}],"collection":[{"href":"https:\/\/silk-pajamas.com\/de\/wp-json\/wp\/v2\/product"}],"about":[{"href":"https:\/\/silk-pajamas.com\/de\/wp-json\/wp\/v2\/types\/product"}],"wp:featuredmedia":[{"embeddable":true,"href":"https:\/\/silk-pajamas.com\/de\/wp-json\/wp\/v2\/media\/1230"}],"wp:attachment":[{"href":"https:\/\/silk-pajamas.com\/de\/wp-json\/wp\/v2\/media?parent=958"}],"wp:term":[{"taxonomy":"product_brand","embeddable":true,"href":"https:\/\/silk-pajamas.com\/de\/wp-json\/wp\/v2\/product_brand?post=958"},{"taxonomy":"product_cat","embeddable":true,"href":"https:\/\/silk-pajamas.com\/de\/wp-json\/wp\/v2\/product_cat?post=958"},{"taxonomy":"product_tag","embeddable":true,"href":"https:\/\/silk-pajamas.com\/de\/wp-json\/wp\/v2\/product_tag?post=958"}],"curies":[{"name":"wp","href":"https:\/\/api.w.org\/{rel}","templated":true}]}}