{"id":959,"date":"2026-04-12T15:43:46","date_gmt":"2026-04-12T15:43:46","guid":{"rendered":"https:\/\/silk-pajamas.com\/16-momme-sandwashed-silk-bralette-set-soft-cup-sky-blue\/"},"modified":"2026-04-17T01:45:54","modified_gmt":"2026-04-17T01:45:54","slug":"16-momme-sandwashed-silk-bralette-set-soft-cup-sky-blue","status":"publish","type":"product","link":"https:\/\/silk-pajamas.com\/de\/16-momme-sandwashed-silk-bralette-set-soft-cup-sky-blue\/","title":{"rendered":"16 Momme Sandwashed Seide Bralette Set Soft Cup Himmelblau"},"content":{"rendered":"<p>Dieses BH- und H\u00f6schen-Set ist aus 16 momme sandgewaschener Seide in einem himmelblauen Farbton gefertigt. Es zeichnet sich durch weiche Cups, ein glattes Handgef\u00fchl und einen bequemen Fall f\u00fcr Geschenksortimente aus. Das Set ist f\u00fcr die Gr\u00f6\u00dfen XL, XXL, 3XL und 4XL geeignet und eignet sich f\u00fcr den Sommer, zum Verschenken und f\u00fcr den t\u00e4glichen Komfort. Handw\u00e4sche kalt oder im Schonwaschgang.<\/p>","protected":false},"excerpt":{"rendered":"<p>16 Momme Sandwashed Seiden-BH und Slip-Set in Sky Blue. Soft-Cup-Verarbeitung, thermoregulierendes Gef\u00fchl und Gr\u00f6\u00dfenbereich XL, XXL, 3XL, 4XL. Entworfen f\u00fcr Geschenksortimente.<\/p>","protected":false},"featured_media":1234,"template":"","meta":{"_gspb_post_css":""},"product_brand":[],"product_cat":[40],"product_tag":[962,963,961],"class_list":{"0":"post-959","1":"product","2":"type-product","3":"status-publish","4":"has-post-thumbnail","6":"product_cat-silk-bra-panty-sets","7":"product_tag-16-momme-silk-bra-panty-set-sky-blue","8":"product_tag-sandwashed-silk-bra-panty-set-soft-cup","9":"product_tag-vendor-silk-bra-panty-set-for-gift-assortments","11":"first","12":"instock","13":"shipping-taxable","14":"purchasable","15":"product-type-simple"},"_links":{"self":[{"href":"https:\/\/silk-pajamas.com\/de\/wp-json\/wp\/v2\/product\/959","targetHints":{"allow":["GET"]}}],"collection":[{"href":"https:\/\/silk-pajamas.com\/de\/wp-json\/wp\/v2\/product"}],"about":[{"href":"https:\/\/silk-pajamas.com\/de\/wp-json\/wp\/v2\/types\/product"}],"wp:featuredmedia":[{"embeddable":true,"href":"https:\/\/silk-pajamas.com\/de\/wp-json\/wp\/v2\/media\/1234"}],"wp:attachment":[{"href":"https:\/\/silk-pajamas.com\/de\/wp-json\/wp\/v2\/media?parent=959"}],"wp:term":[{"taxonomy":"product_brand","embeddable":true,"href":"https:\/\/silk-pajamas.com\/de\/wp-json\/wp\/v2\/product_brand?post=959"},{"taxonomy":"product_cat","embeddable":true,"href":"https:\/\/silk-pajamas.com\/de\/wp-json\/wp\/v2\/product_cat?post=959"},{"taxonomy":"product_tag","embeddable":true,"href":"https:\/\/silk-pajamas.com\/de\/wp-json\/wp\/v2\/product_tag?post=959"}],"curies":[{"name":"wp","href":"https:\/\/api.w.org\/{rel}","templated":true}]}}