{"id":960,"date":"2026-04-12T15:43:46","date_gmt":"2026-04-12T15:43:46","guid":{"rendered":"https:\/\/silk-pajamas.com\/19-momme-mulberry-silk-bra-panty-set-soft-cup-ivory-supplier\/"},"modified":"2026-04-17T01:46:36","modified_gmt":"2026-04-17T01:46:36","slug":"19-momme-mulberry-silk-bra-panty-set-soft-cup-ivory-supplier","status":"publish","type":"product","link":"https:\/\/silk-pajamas.com\/de\/19-momme-mulberry-silk-bra-panty-set-soft-cup-ivory-supplier\/","title":{"rendered":"19 Momme Maulbeer Seide BH Panty Set Soft Cup Elfenbein Lieferant"},"content":{"rendered":"<p>Dieses BH- und H\u00f6schenset aus 19 momme Maulbeerseide bietet einen weichen Griff, ein sanftes Hautgef\u00fchl und elegante Bewegungen. Die weiche Cup-Konstruktion und die elfenbeinfarbene Farbe halten den Look f\u00fcr empfindliche Haut geschliffen. Erh\u00e4ltlich in 34B, 36B, 38B, 40C. Kalt von Hand waschen oder im Schonwaschgang.<\/p>","protected":false},"excerpt":{"rendered":"<p>19 Momme Mulberry Seide BH und H\u00f6schen Set in Elfenbein. Soft-Cup-Finish, Soft-Touch-Gef\u00fchl und Gr\u00f6\u00dfenbereich 34B, 36B, 38B, 40C. Entworfen f\u00fcr empfindliche Haut.<\/p>","protected":false},"featured_media":1168,"template":"","meta":{"_gspb_post_css":""},"product_brand":[],"product_cat":[40],"product_tag":[949,930,934],"class_list":{"0":"post-960","1":"product","2":"type-product","3":"status-publish","4":"has-post-thumbnail","6":"product_cat-silk-bra-panty-sets","7":"product_tag-19-momme-silk-bra-panty-set-ivory","8":"product_tag-mulberry-silk-bra-panty-set-soft-cup","9":"product_tag-vendor-silk-bra-panty-set-for-sensitive-skin","11":"first","12":"instock","13":"shipping-taxable","14":"purchasable","15":"product-type-simple"},"_links":{"self":[{"href":"https:\/\/silk-pajamas.com\/de\/wp-json\/wp\/v2\/product\/960","targetHints":{"allow":["GET"]}}],"collection":[{"href":"https:\/\/silk-pajamas.com\/de\/wp-json\/wp\/v2\/product"}],"about":[{"href":"https:\/\/silk-pajamas.com\/de\/wp-json\/wp\/v2\/types\/product"}],"wp:featuredmedia":[{"embeddable":true,"href":"https:\/\/silk-pajamas.com\/de\/wp-json\/wp\/v2\/media\/1168"}],"wp:attachment":[{"href":"https:\/\/silk-pajamas.com\/de\/wp-json\/wp\/v2\/media?parent=960"}],"wp:term":[{"taxonomy":"product_brand","embeddable":true,"href":"https:\/\/silk-pajamas.com\/de\/wp-json\/wp\/v2\/product_brand?post=960"},{"taxonomy":"product_cat","embeddable":true,"href":"https:\/\/silk-pajamas.com\/de\/wp-json\/wp\/v2\/product_cat?post=960"},{"taxonomy":"product_tag","embeddable":true,"href":"https:\/\/silk-pajamas.com\/de\/wp-json\/wp\/v2\/product_tag?post=960"}],"curies":[{"name":"wp","href":"https:\/\/api.w.org\/{rel}","templated":true}]}}