{"id":962,"date":"2026-04-12T15:43:46","date_gmt":"2026-04-12T15:43:46","guid":{"rendered":"https:\/\/silk-pajamas.com\/19-momme-mulberry-silk-bra-panty-set-wireless-black\/"},"modified":"2026-04-17T01:48:32","modified_gmt":"2026-04-17T01:48:32","slug":"19-momme-mulberry-silk-bra-panty-set-wireless-black","status":"publish","type":"product","link":"https:\/\/silk-pajamas.com\/de\/19-momme-mulberry-silk-bra-panty-set-wireless-black\/","title":{"rendered":"19 Momme Mulberry Seide BH Panty Set Wireless Schwarz"},"content":{"rendered":"<p>Dieses BH- und H\u00f6schen-Set ist aus 19 momme Maulbeerseide in einem schwarzen Farbton gefertigt. Es ist kabellos, f\u00fchlt sich weich an und bietet einen angenehmen Fall f\u00fcr Geschenksortimente. Der Stil unterst\u00fctzt die Gr\u00f6\u00dfen Custom und eignet sich gut f\u00fcr Herbstkleidung, Geschenkartikel und t\u00e4glichen Komfort. Handw\u00e4sche kalt oder verwenden Sie einen sanften Zyklus.<\/p>","protected":false},"excerpt":{"rendered":"<p>19 Momme Mulberry Seide BH und H\u00f6schen Set in Schwarz. Kabellose Verarbeitung, atmungsaktives Gef\u00fchl und Gr\u00f6\u00dfenauswahl Custom. Konzipiert f\u00fcr Geschenk-Sortimente.<\/p>","protected":false},"featured_media":1217,"template":"","meta":{"_gspb_post_css":""},"product_brand":[],"product_cat":[40],"product_tag":[929,967,950],"class_list":{"0":"post-962","1":"product","2":"type-product","3":"status-publish","4":"has-post-thumbnail","6":"product_cat-silk-bra-panty-sets","7":"product_tag-19-momme-silk-bra-panty-set-black","8":"product_tag-manufacturer-silk-bra-panty-set-for-gift-assortments","9":"product_tag-mulberry-silk-bra-panty-set-wireless","11":"first","12":"instock","13":"shipping-taxable","14":"purchasable","15":"product-type-simple"},"_links":{"self":[{"href":"https:\/\/silk-pajamas.com\/de\/wp-json\/wp\/v2\/product\/962","targetHints":{"allow":["GET"]}}],"collection":[{"href":"https:\/\/silk-pajamas.com\/de\/wp-json\/wp\/v2\/product"}],"about":[{"href":"https:\/\/silk-pajamas.com\/de\/wp-json\/wp\/v2\/types\/product"}],"wp:featuredmedia":[{"embeddable":true,"href":"https:\/\/silk-pajamas.com\/de\/wp-json\/wp\/v2\/media\/1217"}],"wp:attachment":[{"href":"https:\/\/silk-pajamas.com\/de\/wp-json\/wp\/v2\/media?parent=962"}],"wp:term":[{"taxonomy":"product_brand","embeddable":true,"href":"https:\/\/silk-pajamas.com\/de\/wp-json\/wp\/v2\/product_brand?post=962"},{"taxonomy":"product_cat","embeddable":true,"href":"https:\/\/silk-pajamas.com\/de\/wp-json\/wp\/v2\/product_cat?post=962"},{"taxonomy":"product_tag","embeddable":true,"href":"https:\/\/silk-pajamas.com\/de\/wp-json\/wp\/v2\/product_tag?post=962"}],"curies":[{"name":"wp","href":"https:\/\/api.w.org\/{rel}","templated":true}]}}