{"id":963,"date":"2026-04-12T15:43:46","date_gmt":"2026-04-12T15:43:46","guid":{"rendered":"https:\/\/silk-pajamas.com\/19-momme-mulberry-silk-bra-panty-set-soft-cup-rose-supplier\/"},"modified":"2026-04-17T01:49:11","modified_gmt":"2026-04-17T01:49:11","slug":"19-momme-mulberry-silk-bra-panty-set-soft-cup-rose-supplier","status":"publish","type":"product","link":"https:\/\/silk-pajamas.com\/de\/19-momme-mulberry-silk-bra-panty-set-soft-cup-rose-supplier\/","title":{"rendered":"19 Momme Maulbeerseide BH Panty Set Soft Cup Rose Lieferant"},"content":{"rendered":"<p>Dieses BH- und H\u00f6schenset aus 19 momme Maulbeerseide bietet einen weichen Griff, ein sanftes Hautgef\u00fchl und elegante Bewegungen. Die weiche Cup-Konstruktion und die rosa Farbe halten den Look f\u00fcr empfindliche Haut poliert. Erh\u00e4ltlich in S, M, L, XL. Kalt von Hand waschen oder im Schonwaschgang.<\/p>","protected":false},"excerpt":{"rendered":"<p>19 Momme Mulberry Seiden-BH und Slip-Set in Rose. Soft-Cup-Finish, weiches Tragegef\u00fchl und Gr\u00f6\u00dfenauswahl S, M, L, XL. Entworfen f\u00fcr empfindliche Haut.<\/p>","protected":false},"featured_media":1166,"template":"","meta":{"_gspb_post_css":""},"product_brand":[],"product_cat":[40],"product_tag":[968,930,969],"class_list":{"0":"post-963","1":"product","2":"type-product","3":"status-publish","4":"has-post-thumbnail","6":"product_cat-silk-bra-panty-sets","7":"product_tag-19-momme-silk-bra-panty-set-rose","8":"product_tag-mulberry-silk-bra-panty-set-soft-cup","9":"product_tag-supplier-silk-bra-panty-set-for-sensitive-skin","11":"first","12":"instock","13":"featured","14":"shipping-taxable","15":"purchasable","16":"product-type-simple"},"_links":{"self":[{"href":"https:\/\/silk-pajamas.com\/de\/wp-json\/wp\/v2\/product\/963","targetHints":{"allow":["GET"]}}],"collection":[{"href":"https:\/\/silk-pajamas.com\/de\/wp-json\/wp\/v2\/product"}],"about":[{"href":"https:\/\/silk-pajamas.com\/de\/wp-json\/wp\/v2\/types\/product"}],"wp:featuredmedia":[{"embeddable":true,"href":"https:\/\/silk-pajamas.com\/de\/wp-json\/wp\/v2\/media\/1166"}],"wp:attachment":[{"href":"https:\/\/silk-pajamas.com\/de\/wp-json\/wp\/v2\/media?parent=963"}],"wp:term":[{"taxonomy":"product_brand","embeddable":true,"href":"https:\/\/silk-pajamas.com\/de\/wp-json\/wp\/v2\/product_brand?post=963"},{"taxonomy":"product_cat","embeddable":true,"href":"https:\/\/silk-pajamas.com\/de\/wp-json\/wp\/v2\/product_cat?post=963"},{"taxonomy":"product_tag","embeddable":true,"href":"https:\/\/silk-pajamas.com\/de\/wp-json\/wp\/v2\/product_tag?post=963"}],"curies":[{"name":"wp","href":"https:\/\/api.w.org\/{rel}","templated":true}]}}