{"id":964,"date":"2026-04-12T15:43:47","date_gmt":"2026-04-12T15:43:47","guid":{"rendered":"https:\/\/silk-pajamas.com\/16-momme-charmeuse-silk-bralette-set-lace-trim-emerald\/"},"modified":"2026-04-16T08:24:58","modified_gmt":"2026-04-16T08:24:58","slug":"16-momme-charmeuse-silk-bralette-set-lace-trim-emerald","status":"publish","type":"product","link":"https:\/\/silk-pajamas.com\/de\/16-momme-charmeuse-silk-bralette-set-lace-trim-emerald\/","title":{"rendered":"16 Momme Charmeuse Seide Bralette Set Spitzenbesatz Smaragd"},"content":{"rendered":"<p>Dieses BH- und Slip-Set aus 16 Momme-Charmeuse-Seide bietet ein leichtes, sanftes Hautgef\u00fchl und elegante Bewegungen. Der Spitzenbesatz und die smaragdgr\u00fcne Farbe sorgen f\u00fcr einen eleganten Look f\u00fcr Frauen. Erh\u00e4ltlich in Custom. Kalt von Hand waschen oder im Schonwaschgang.<\/p>","protected":false},"excerpt":{"rendered":"<p>16 Momme Charmeuse Seide BH und H\u00f6schen Set in Emerald. Lace Trim Finish, leichtes Gef\u00fchl und Gr\u00f6\u00dfenbereich Custom. Entworfen f\u00fcr Frauen.<\/p>","protected":false},"featured_media":1161,"template":"","meta":{"_gspb_post_css":""},"product_brand":[],"product_cat":[40],"product_tag":[970,936,944],"class_list":{"0":"post-964","1":"product","2":"type-product","3":"status-publish","4":"has-post-thumbnail","6":"product_cat-silk-bra-panty-sets","7":"product_tag-16-momme-silk-bra-panty-set-emerald","8":"product_tag-charmeuse-silk-bra-panty-set-lace-trim","9":"product_tag-factory-silk-bra-panty-set-for-women","11":"first","12":"instock","13":"shipping-taxable","14":"purchasable","15":"product-type-simple"},"_links":{"self":[{"href":"https:\/\/silk-pajamas.com\/de\/wp-json\/wp\/v2\/product\/964","targetHints":{"allow":["GET"]}}],"collection":[{"href":"https:\/\/silk-pajamas.com\/de\/wp-json\/wp\/v2\/product"}],"about":[{"href":"https:\/\/silk-pajamas.com\/de\/wp-json\/wp\/v2\/types\/product"}],"wp:featuredmedia":[{"embeddable":true,"href":"https:\/\/silk-pajamas.com\/de\/wp-json\/wp\/v2\/media\/1161"}],"wp:attachment":[{"href":"https:\/\/silk-pajamas.com\/de\/wp-json\/wp\/v2\/media?parent=964"}],"wp:term":[{"taxonomy":"product_brand","embeddable":true,"href":"https:\/\/silk-pajamas.com\/de\/wp-json\/wp\/v2\/product_brand?post=964"},{"taxonomy":"product_cat","embeddable":true,"href":"https:\/\/silk-pajamas.com\/de\/wp-json\/wp\/v2\/product_cat?post=964"},{"taxonomy":"product_tag","embeddable":true,"href":"https:\/\/silk-pajamas.com\/de\/wp-json\/wp\/v2\/product_tag?post=964"}],"curies":[{"name":"wp","href":"https:\/\/api.w.org\/{rel}","templated":true}]}}