{"id":967,"date":"2026-04-12T15:43:47","date_gmt":"2026-04-12T15:43:47","guid":{"rendered":"https:\/\/silk-pajamas.com\/22-momme-mulberry-silk-bra-panty-set-wireless-blush\/"},"modified":"2026-04-16T08:33:35","modified_gmt":"2026-04-16T08:33:35","slug":"22-momme-mulberry-silk-bra-panty-set-wireless-blush","status":"publish","type":"product","link":"https:\/\/silk-pajamas.com\/de\/22-momme-mulberry-silk-bra-panty-set-wireless-blush\/","title":{"rendered":"22 Momme Mulberry Seide BH Panty Set Wireless Blush"},"content":{"rendered":"<p>Dieses BH- und H\u00f6schen-Set ist aus 22 momme Maulbeerseide in einem err\u00f6tenden Farbton gefertigt. Es zeichnet sich durch kabelloses Design, ein weiches Handgef\u00fchl und bequemen Fall f\u00fcr Frauen aus. Der Stil unterst\u00fctzt Gr\u00f6\u00dfen Custom und eignet sich gut f\u00fcr den Fr\u00fchling tragen, Geschenk-und t\u00e4glichen Komfort. Handw\u00e4sche kalt oder im Schonwaschgang.<\/p>","protected":false},"excerpt":{"rendered":"<p>22 Momme Mulberry Seide BH und H\u00f6schen Set in Blush. Kabellose Verarbeitung, leichtes Tragegef\u00fchl und Gr\u00f6\u00dfenauswahl Custom. Entworfen f\u00fcr Frauen.<\/p>","protected":false},"featured_media":1172,"template":"","meta":{"_gspb_post_css":""},"product_brand":[],"product_cat":[40],"product_tag":[973,974,950],"class_list":{"0":"post-967","1":"product","2":"type-product","3":"status-publish","4":"has-post-thumbnail","6":"product_cat-silk-bra-panty-sets","7":"product_tag-22-momme-silk-bra-panty-set-blush","8":"product_tag-manufacturer-silk-bra-panty-set-for-women","9":"product_tag-mulberry-silk-bra-panty-set-wireless","11":"first","12":"instock","13":"shipping-taxable","14":"purchasable","15":"product-type-simple"},"_links":{"self":[{"href":"https:\/\/silk-pajamas.com\/de\/wp-json\/wp\/v2\/product\/967","targetHints":{"allow":["GET"]}}],"collection":[{"href":"https:\/\/silk-pajamas.com\/de\/wp-json\/wp\/v2\/product"}],"about":[{"href":"https:\/\/silk-pajamas.com\/de\/wp-json\/wp\/v2\/types\/product"}],"wp:featuredmedia":[{"embeddable":true,"href":"https:\/\/silk-pajamas.com\/de\/wp-json\/wp\/v2\/media\/1172"}],"wp:attachment":[{"href":"https:\/\/silk-pajamas.com\/de\/wp-json\/wp\/v2\/media?parent=967"}],"wp:term":[{"taxonomy":"product_brand","embeddable":true,"href":"https:\/\/silk-pajamas.com\/de\/wp-json\/wp\/v2\/product_brand?post=967"},{"taxonomy":"product_cat","embeddable":true,"href":"https:\/\/silk-pajamas.com\/de\/wp-json\/wp\/v2\/product_cat?post=967"},{"taxonomy":"product_tag","embeddable":true,"href":"https:\/\/silk-pajamas.com\/de\/wp-json\/wp\/v2\/product_tag?post=967"}],"curies":[{"name":"wp","href":"https:\/\/api.w.org\/{rel}","templated":true}]}}