{"id":970,"date":"2026-04-12T15:43:47","date_gmt":"2026-04-12T15:43:47","guid":{"rendered":"https:\/\/silk-pajamas.com\/19-momme-stretch-silk-thermal-set-long-sleeve-leopard\/"},"modified":"2026-04-16T08:39:02","modified_gmt":"2026-04-16T08:39:02","slug":"19-momme-stretch-silk-thermal-set-long-sleeve-leopard","status":"publish","type":"product","link":"https:\/\/silk-pajamas.com\/de\/19-momme-stretch-silk-thermal-set-long-sleeve-leopard\/","title":{"rendered":"19 Momme Stretch Silk Thermal Set Langarm Leopard"},"content":{"rendered":"<p>Diese thermische Basisschicht ist aus 19 momme Stretch-Seide in einem Leopardenton gefertigt. Es zeichnet sich durch lange \u00c4rmel, ein weiches Handgef\u00fchl und einen angenehmen Fall f\u00fcr k\u00fchles Wetter aus. Der Stil unterst\u00fctzt die Gr\u00f6\u00dfe Custom und eignet sich gut f\u00fcr Sommerkleidung, Geschenke und t\u00e4glichen Komfort. Handw\u00e4sche kalt oder im Schonwaschgang.<\/p>","protected":false},"excerpt":{"rendered":"<p>19 Momme Stretch Silk Seiden Thermounterw\u00e4sche in Leopard. Lange \u00c4rmel, weiches Tragegef\u00fchl und Gr\u00f6\u00dfenauswahl nach Ma\u00df. Entworfen f\u00fcr k\u00fchles Wetter Schichten.<\/p>","protected":false},"featured_media":1184,"template":"","meta":{"_gspb_post_css":""},"product_brand":[],"product_cat":[41],"product_tag":[981,983,982],"class_list":{"0":"post-970","1":"product","2":"type-product","3":"status-publish","4":"has-post-thumbnail","6":"product_cat-silk-long-johns","7":"product_tag-19-momme-silk-long-johns-leopard","8":"product_tag-factory-silk-long-johns-for-cool-weather-layering","9":"product_tag-stretch-silk-silk-long-johns-long-sleeve","11":"first","12":"instock","13":"shipping-taxable","14":"purchasable","15":"product-type-simple"},"_links":{"self":[{"href":"https:\/\/silk-pajamas.com\/de\/wp-json\/wp\/v2\/product\/970","targetHints":{"allow":["GET"]}}],"collection":[{"href":"https:\/\/silk-pajamas.com\/de\/wp-json\/wp\/v2\/product"}],"about":[{"href":"https:\/\/silk-pajamas.com\/de\/wp-json\/wp\/v2\/types\/product"}],"wp:featuredmedia":[{"embeddable":true,"href":"https:\/\/silk-pajamas.com\/de\/wp-json\/wp\/v2\/media\/1184"}],"wp:attachment":[{"href":"https:\/\/silk-pajamas.com\/de\/wp-json\/wp\/v2\/media?parent=970"}],"wp:term":[{"taxonomy":"product_brand","embeddable":true,"href":"https:\/\/silk-pajamas.com\/de\/wp-json\/wp\/v2\/product_brand?post=970"},{"taxonomy":"product_cat","embeddable":true,"href":"https:\/\/silk-pajamas.com\/de\/wp-json\/wp\/v2\/product_cat?post=970"},{"taxonomy":"product_tag","embeddable":true,"href":"https:\/\/silk-pajamas.com\/de\/wp-json\/wp\/v2\/product_tag?post=970"}],"curies":[{"name":"wp","href":"https:\/\/api.w.org\/{rel}","templated":true}]}}