{"id":973,"date":"2026-04-12T15:43:47","date_gmt":"2026-04-12T15:43:47","guid":{"rendered":"https:\/\/silk-pajamas.com\/16-momme-charmeuse-silk-thermal-set-thermal-rose-wholesale\/"},"modified":"2026-04-16T08:52:34","modified_gmt":"2026-04-16T08:52:34","slug":"16-momme-charmeuse-silk-thermal-set-thermal-rose-wholesale","status":"publish","type":"product","link":"https:\/\/silk-pajamas.com\/de\/16-momme-charmeuse-silk-thermal-set-thermal-rose-wholesale\/","title":{"rendered":"16 Momme Charmeuse Seide Thermal Set Thermal Rose Gro\u00dfhandel"},"content":{"rendered":"<p>Diese thermische Basisschicht aus 16 Momme-Charmeuse-Seide kombiniert thermische Details mit einem weichen Glanz und einem atmungsaktiven Gef\u00fchl. Das ros\u00e9farbene Finish verleiht ihm einen raffinierten Look, w\u00e4hrend die Gr\u00f6\u00dfen M, L, XL und XXL den Kernbedarf decken. Geeignet f\u00fcr Reisen und die Fr\u00fchlingsgarderobe. Kalt von Hand waschen oder im Schonwaschgang.<\/p>","protected":false},"excerpt":{"rendered":"<p>16 Momme Charmeuse Seiden-Thermounterw\u00e4sche in Rose. Thermisches Finish, atmungsaktiv und in den Gr\u00f6\u00dfen M, L, XL, XXL erh\u00e4ltlich. F\u00fcr den Einsatz auf Reisen konzipiert.<\/p>","protected":false},"featured_media":1196,"template":"","meta":{"_gspb_post_css":""},"product_brand":[],"product_cat":[41],"product_tag":[988,989,990],"class_list":{"0":"post-973","1":"product","2":"type-product","3":"status-publish","4":"has-post-thumbnail","6":"product_cat-silk-long-johns","7":"product_tag-16-momme-silk-long-johns-rose","8":"product_tag-charmeuse-silk-long-johns-thermal","9":"product_tag-factory-silk-long-johns-for-travel-use","11":"first","12":"instock","13":"featured","14":"shipping-taxable","15":"purchasable","16":"product-type-simple"},"_links":{"self":[{"href":"https:\/\/silk-pajamas.com\/de\/wp-json\/wp\/v2\/product\/973","targetHints":{"allow":["GET"]}}],"collection":[{"href":"https:\/\/silk-pajamas.com\/de\/wp-json\/wp\/v2\/product"}],"about":[{"href":"https:\/\/silk-pajamas.com\/de\/wp-json\/wp\/v2\/types\/product"}],"wp:featuredmedia":[{"embeddable":true,"href":"https:\/\/silk-pajamas.com\/de\/wp-json\/wp\/v2\/media\/1196"}],"wp:attachment":[{"href":"https:\/\/silk-pajamas.com\/de\/wp-json\/wp\/v2\/media?parent=973"}],"wp:term":[{"taxonomy":"product_brand","embeddable":true,"href":"https:\/\/silk-pajamas.com\/de\/wp-json\/wp\/v2\/product_brand?post=973"},{"taxonomy":"product_cat","embeddable":true,"href":"https:\/\/silk-pajamas.com\/de\/wp-json\/wp\/v2\/product_cat?post=973"},{"taxonomy":"product_tag","embeddable":true,"href":"https:\/\/silk-pajamas.com\/de\/wp-json\/wp\/v2\/product_tag?post=973"}],"curies":[{"name":"wp","href":"https:\/\/api.w.org\/{rel}","templated":true}]}}