{"id":974,"date":"2026-04-12T15:43:47","date_gmt":"2026-04-12T15:43:47","guid":{"rendered":"https:\/\/silk-pajamas.com\/22-momme-charmeuse-silk-thermal-set-base-layer-sky-blue\/"},"modified":"2026-04-16T08:56:54","modified_gmt":"2026-04-16T08:56:54","slug":"22-momme-charmeuse-silk-thermal-set-base-layer-sky-blue","status":"publish","type":"product","link":"https:\/\/silk-pajamas.com\/de\/22-momme-charmeuse-silk-thermal-set-base-layer-sky-blue\/","title":{"rendered":"22 Momme Charmeuse Seiden-Thermalset Basisschicht Himmelblau"},"content":{"rendered":"<p>Diese W\u00e4rmeschicht aus 22 Momme-Charmeuse-Seide kombiniert Details einer Basisschicht mit einem weichen Glanz und einem atmungsaktiven Tragegef\u00fchl. Das himmelblaue Finish verleiht ihm einen raffinierten Look, w\u00e4hrend die Gr\u00f6\u00dfen S, M, L, XL den Kernbedarf decken. Geeignet f\u00fcr M\u00e4nner und f\u00fcr die gesamte Saison-Garderobe. Kalt von Hand waschen oder im Schonwaschgang.<\/p>","protected":false},"excerpt":{"rendered":"<p>22 Momme Charmeuse Seiden-Thermalunterw\u00e4sche in Sky Blue. Base Layer-Ausr\u00fcstung, atmungsaktiv und Gr\u00f6\u00dfenauswahl S, M, L, XL. Entworfen f\u00fcr M\u00e4nner.<\/p>","protected":false},"featured_media":1201,"template":"","meta":{"_gspb_post_css":""},"product_brand":[],"product_cat":[41],"product_tag":[991,992,993],"class_list":{"0":"post-974","1":"product","2":"type-product","3":"status-publish","4":"has-post-thumbnail","6":"product_cat-silk-long-johns","7":"product_tag-22-momme-silk-long-johns-sky-blue","8":"product_tag-charmeuse-silk-long-johns-base-layer","9":"product_tag-wholesale-silk-long-johns-for-men","11":"first","12":"instock","13":"shipping-taxable","14":"purchasable","15":"product-type-simple"},"_links":{"self":[{"href":"https:\/\/silk-pajamas.com\/de\/wp-json\/wp\/v2\/product\/974","targetHints":{"allow":["GET"]}}],"collection":[{"href":"https:\/\/silk-pajamas.com\/de\/wp-json\/wp\/v2\/product"}],"about":[{"href":"https:\/\/silk-pajamas.com\/de\/wp-json\/wp\/v2\/types\/product"}],"wp:featuredmedia":[{"embeddable":true,"href":"https:\/\/silk-pajamas.com\/de\/wp-json\/wp\/v2\/media\/1201"}],"wp:attachment":[{"href":"https:\/\/silk-pajamas.com\/de\/wp-json\/wp\/v2\/media?parent=974"}],"wp:term":[{"taxonomy":"product_brand","embeddable":true,"href":"https:\/\/silk-pajamas.com\/de\/wp-json\/wp\/v2\/product_brand?post=974"},{"taxonomy":"product_cat","embeddable":true,"href":"https:\/\/silk-pajamas.com\/de\/wp-json\/wp\/v2\/product_cat?post=974"},{"taxonomy":"product_tag","embeddable":true,"href":"https:\/\/silk-pajamas.com\/de\/wp-json\/wp\/v2\/product_tag?post=974"}],"curies":[{"name":"wp","href":"https:\/\/api.w.org\/{rel}","templated":true}]}}