{"id":976,"date":"2026-04-12T15:43:47","date_gmt":"2026-04-12T15:43:47","guid":{"rendered":"https:\/\/silk-pajamas.com\/19-momme-charmeuse-silk-thermal-set-thermal-wine-vendor\/"},"modified":"2026-04-16T09:03:32","modified_gmt":"2026-04-16T09:03:32","slug":"19-momme-charmeuse-silk-thermal-set-thermal-wine-vendor","status":"publish","type":"product","link":"https:\/\/silk-pajamas.com\/de\/19-momme-charmeuse-silk-thermal-set-thermal-wine-vendor\/","title":{"rendered":"19 Momme Charmeuse Seide Thermoset Thermowein Verk\u00e4ufer"},"content":{"rendered":"<p>Diese Thermo-Basisschicht aus 19 Momme-Charmeuse-Seide bietet einen glatten Faltenwurf, ein sanftes Hautgef\u00fchl und elegante Bewegung. Die thermische Konstruktion und die weinrote Farbe sorgen f\u00fcr einen eleganten Look f\u00fcr M\u00e4nner. Erh\u00e4ltlich in M, L, XL, XXL. Kalt von Hand waschen oder im Schonwaschgang.<\/p>","protected":false},"excerpt":{"rendered":"<p>19 Momme Charmeuse Seiden-Thermounterw\u00e4sche in Wine. Thermisches Finish, weicher Fall und Gr\u00f6\u00dfenbereich M, L, XL, XXL. Entworfen f\u00fcr M\u00e4nner.<\/p>","protected":false},"featured_media":1207,"template":"","meta":{"_gspb_post_css":""},"product_brand":[],"product_cat":[41],"product_tag":[995,989,996],"class_list":{"0":"post-976","1":"product","2":"type-product","3":"status-publish","4":"has-post-thumbnail","6":"product_cat-silk-long-johns","7":"product_tag-19-momme-silk-long-johns-wine","8":"product_tag-charmeuse-silk-long-johns-thermal","9":"product_tag-manufacturer-silk-long-johns-for-men","11":"first","12":"instock","13":"shipping-taxable","14":"purchasable","15":"product-type-simple"},"_links":{"self":[{"href":"https:\/\/silk-pajamas.com\/de\/wp-json\/wp\/v2\/product\/976","targetHints":{"allow":["GET"]}}],"collection":[{"href":"https:\/\/silk-pajamas.com\/de\/wp-json\/wp\/v2\/product"}],"about":[{"href":"https:\/\/silk-pajamas.com\/de\/wp-json\/wp\/v2\/types\/product"}],"wp:featuredmedia":[{"embeddable":true,"href":"https:\/\/silk-pajamas.com\/de\/wp-json\/wp\/v2\/media\/1207"}],"wp:attachment":[{"href":"https:\/\/silk-pajamas.com\/de\/wp-json\/wp\/v2\/media?parent=976"}],"wp:term":[{"taxonomy":"product_brand","embeddable":true,"href":"https:\/\/silk-pajamas.com\/de\/wp-json\/wp\/v2\/product_brand?post=976"},{"taxonomy":"product_cat","embeddable":true,"href":"https:\/\/silk-pajamas.com\/de\/wp-json\/wp\/v2\/product_cat?post=976"},{"taxonomy":"product_tag","embeddable":true,"href":"https:\/\/silk-pajamas.com\/de\/wp-json\/wp\/v2\/product_tag?post=976"}],"curies":[{"name":"wp","href":"https:\/\/api.w.org\/{rel}","templated":true}]}}