{"id":979,"date":"2026-04-12T15:43:48","date_gmt":"2026-04-12T15:43:48","guid":{"rendered":"https:\/\/silk-pajamas.com\/19-momme-sandwashed-silk-thermal-set-base-layer-ivory\/"},"modified":"2026-04-16T07:40:51","modified_gmt":"2026-04-16T07:40:51","slug":"19-momme-sandwashed-silk-thermal-set-base-layer-ivory","status":"publish","type":"product","link":"https:\/\/silk-pajamas.com\/de\/19-momme-sandwashed-silk-thermal-set-base-layer-ivory\/","title":{"rendered":"19 Momme Sandwashed Silk Thermal Set Basisschicht Elfenbein"},"content":{"rendered":"<p>Diese W\u00e4rmeschicht aus 19 Momme-Sandwich-Seide kombiniert Details einer Basisschicht mit einem weichen Glanz und einem atmungsaktiven Gef\u00fchl. Das elfenbeinfarbene Finish verleiht ihm einen raffinierten Look, w\u00e4hrend die Gr\u00f6\u00dfen XL, XXL, 3XL und 4XL den Kernbedarf decken. Geeignet f\u00fcr die Damen- und Herbstgarderobe. Kalt von Hand waschen oder im Schonwaschgang.<\/p>","protected":false},"excerpt":{"rendered":"<p>19 Momme Sandwashed Seiden Thermounterw\u00e4sche in Elfenbein. Base Layer-Ausf\u00fchrung, weiches Tragegef\u00fchl und Gr\u00f6\u00dfen XL, XXL, 3XL, 4XL. Entworfen f\u00fcr Frauen.<\/p>","protected":false},"featured_media":1145,"template":"","meta":{"_gspb_post_css":""},"product_brand":[],"product_cat":[41],"product_tag":[1000,1001,994],"class_list":{"0":"post-979","1":"product","2":"type-product","3":"status-publish","4":"has-post-thumbnail","6":"product_cat-silk-long-johns","7":"product_tag-19-momme-silk-long-johns-ivory","8":"product_tag-manufacturer-silk-long-johns-for-women","9":"product_tag-sandwashed-silk-long-johns-base-layer","11":"first","12":"instock","13":"shipping-taxable","14":"purchasable","15":"product-type-simple"},"_links":{"self":[{"href":"https:\/\/silk-pajamas.com\/de\/wp-json\/wp\/v2\/product\/979","targetHints":{"allow":["GET"]}}],"collection":[{"href":"https:\/\/silk-pajamas.com\/de\/wp-json\/wp\/v2\/product"}],"about":[{"href":"https:\/\/silk-pajamas.com\/de\/wp-json\/wp\/v2\/types\/product"}],"wp:featuredmedia":[{"embeddable":true,"href":"https:\/\/silk-pajamas.com\/de\/wp-json\/wp\/v2\/media\/1145"}],"wp:attachment":[{"href":"https:\/\/silk-pajamas.com\/de\/wp-json\/wp\/v2\/media?parent=979"}],"wp:term":[{"taxonomy":"product_brand","embeddable":true,"href":"https:\/\/silk-pajamas.com\/de\/wp-json\/wp\/v2\/product_brand?post=979"},{"taxonomy":"product_cat","embeddable":true,"href":"https:\/\/silk-pajamas.com\/de\/wp-json\/wp\/v2\/product_cat?post=979"},{"taxonomy":"product_tag","embeddable":true,"href":"https:\/\/silk-pajamas.com\/de\/wp-json\/wp\/v2\/product_tag?post=979"}],"curies":[{"name":"wp","href":"https:\/\/api.w.org\/{rel}","templated":true}]}}