{"id":980,"date":"2026-04-12T15:43:48","date_gmt":"2026-04-12T15:43:48","guid":{"rendered":"https:\/\/silk-pajamas.com\/22-momme-sandwashed-silk-long-johns-base-layer-rose-vendor\/"},"modified":"2026-04-16T07:41:35","modified_gmt":"2026-04-16T07:41:35","slug":"22-momme-sandwashed-silk-long-johns-base-layer-rose-vendor","status":"publish","type":"product","link":"https:\/\/silk-pajamas.com\/de\/22-momme-sandwashed-silk-long-johns-base-layer-rose-vendor\/","title":{"rendered":"22 Momme Sandwashed Silk Long Johns Base Layer Rose Vendor"},"content":{"rendered":"<p>Diese thermische Basisschicht ist aus 22 momme sandgewaschener Seide in einem Ros\u00e9-Ton gefertigt. Es bietet eine Basisschicht, ein glattes Handgef\u00fchl und einen bequemen Faltenwurf f\u00fcr M\u00e4nner. Das Modell ist in den Gr\u00f6\u00dfen XL, XXL, 3XL und 4XL erh\u00e4ltlich und eignet sich gut f\u00fcr den Herbst, als Geschenk und f\u00fcr den t\u00e4glichen Komfort. Handw\u00e4sche kalt oder im Schonwaschgang.<\/p>","protected":false},"excerpt":{"rendered":"<p>22 Momme Sandwashed Seiden Thermounterw\u00e4sche in Rose. Base-Layer-Ausr\u00fcstung, knitterfreies Tragegef\u00fchl und Gr\u00f6\u00dfen XL, XXL, 3XL, 4XL. Entworfen f\u00fcr M\u00e4nner.<\/p>","protected":false},"featured_media":1116,"template":"","meta":{"_gspb_post_css":""},"product_brand":[],"product_cat":[41],"product_tag":[1002,994,1003],"class_list":{"0":"post-980","1":"product","2":"type-product","3":"status-publish","4":"has-post-thumbnail","6":"product_cat-silk-long-johns","7":"product_tag-22-momme-silk-long-johns-rose","8":"product_tag-sandwashed-silk-long-johns-base-layer","9":"product_tag-vendor-silk-long-johns-for-men","11":"first","12":"instock","13":"shipping-taxable","14":"purchasable","15":"product-type-simple"},"_links":{"self":[{"href":"https:\/\/silk-pajamas.com\/de\/wp-json\/wp\/v2\/product\/980","targetHints":{"allow":["GET"]}}],"collection":[{"href":"https:\/\/silk-pajamas.com\/de\/wp-json\/wp\/v2\/product"}],"about":[{"href":"https:\/\/silk-pajamas.com\/de\/wp-json\/wp\/v2\/types\/product"}],"wp:featuredmedia":[{"embeddable":true,"href":"https:\/\/silk-pajamas.com\/de\/wp-json\/wp\/v2\/media\/1116"}],"wp:attachment":[{"href":"https:\/\/silk-pajamas.com\/de\/wp-json\/wp\/v2\/media?parent=980"}],"wp:term":[{"taxonomy":"product_brand","embeddable":true,"href":"https:\/\/silk-pajamas.com\/de\/wp-json\/wp\/v2\/product_brand?post=980"},{"taxonomy":"product_cat","embeddable":true,"href":"https:\/\/silk-pajamas.com\/de\/wp-json\/wp\/v2\/product_cat?post=980"},{"taxonomy":"product_tag","embeddable":true,"href":"https:\/\/silk-pajamas.com\/de\/wp-json\/wp\/v2\/product_tag?post=980"}],"curies":[{"name":"wp","href":"https:\/\/api.w.org\/{rel}","templated":true}]}}