{"id":985,"date":"2026-04-12T15:43:49","date_gmt":"2026-04-12T15:43:49","guid":{"rendered":"https:\/\/silk-pajamas.com\/22-momme-sandwashed-silk-thermal-set-long-sleeve-navy\/"},"modified":"2026-04-16T07:18:18","modified_gmt":"2026-04-16T07:18:18","slug":"22-momme-sandwashed-silk-thermal-set-long-sleeve-navy","status":"publish","type":"product","link":"https:\/\/silk-pajamas.com\/de\/22-momme-sandwashed-silk-thermal-set-long-sleeve-navy\/","title":{"rendered":"22 Momme Sandwashed Silk Thermal Set Langarm Navy"},"content":{"rendered":"<p>Diese Thermo-Basisschicht aus 22 Momme-Sandwich-Seide bietet ein leichtes, sanftes Hautgef\u00fchl und elegante Bewegungsfreiheit. Die langen \u00c4rmel und die marineblaue Farbe sorgen f\u00fcr einen eleganten Look bei k\u00fchlem Wetter. Erh\u00e4ltlich in S, M, L, XL. Kalt von Hand waschen oder im Schonwaschgang.<\/p>","protected":false},"excerpt":{"rendered":"<p>22 Momme Sandwashed Seiden Thermounterw\u00e4sche in Navy. Lang\u00e4rmelig, leicht und in den Gr\u00f6\u00dfen S, M, L, XL erh\u00e4ltlich. Konzipiert f\u00fcr k\u00fchles Wetter Schichtarbeit.<\/p>","protected":false},"featured_media":1099,"template":"","meta":{"_gspb_post_css":""},"product_brand":[],"product_cat":[41],"product_tag":[1011,1012,985],"class_list":{"0":"post-985","1":"product","2":"type-product","3":"status-publish","4":"has-post-thumbnail","6":"product_cat-silk-long-johns","7":"product_tag-22-momme-silk-long-johns-navy","8":"product_tag-sandwashed-silk-long-johns-long-sleeve","9":"product_tag-supplier-silk-long-johns-for-cool-weather-layering","11":"first","12":"instock","13":"shipping-taxable","14":"purchasable","15":"product-type-simple"},"_links":{"self":[{"href":"https:\/\/silk-pajamas.com\/de\/wp-json\/wp\/v2\/product\/985","targetHints":{"allow":["GET"]}}],"collection":[{"href":"https:\/\/silk-pajamas.com\/de\/wp-json\/wp\/v2\/product"}],"about":[{"href":"https:\/\/silk-pajamas.com\/de\/wp-json\/wp\/v2\/types\/product"}],"wp:featuredmedia":[{"embeddable":true,"href":"https:\/\/silk-pajamas.com\/de\/wp-json\/wp\/v2\/media\/1099"}],"wp:attachment":[{"href":"https:\/\/silk-pajamas.com\/de\/wp-json\/wp\/v2\/media?parent=985"}],"wp:term":[{"taxonomy":"product_brand","embeddable":true,"href":"https:\/\/silk-pajamas.com\/de\/wp-json\/wp\/v2\/product_brand?post=985"},{"taxonomy":"product_cat","embeddable":true,"href":"https:\/\/silk-pajamas.com\/de\/wp-json\/wp\/v2\/product_cat?post=985"},{"taxonomy":"product_tag","embeddable":true,"href":"https:\/\/silk-pajamas.com\/de\/wp-json\/wp\/v2\/product_tag?post=985"}],"curies":[{"name":"wp","href":"https:\/\/api.w.org\/{rel}","templated":true}]}}