{"id":986,"date":"2026-04-12T15:43:49","date_gmt":"2026-04-12T15:43:49","guid":{"rendered":"https:\/\/silk-pajamas.com\/19-momme-sandwashed-silk-thermal-set-base-layer-ivory-m-xxl\/"},"modified":"2026-04-16T07:19:58","modified_gmt":"2026-04-16T07:19:58","slug":"19-momme-sandwashed-silk-thermal-set-base-layer-ivory-m-xxl","status":"publish","type":"product","link":"https:\/\/silk-pajamas.com\/de\/19-momme-sandwashed-silk-thermal-set-base-layer-ivory-m-xxl\/","title":{"rendered":"19 Momme Sandwashed Silk Thermal Set Basisschicht Elfenbein M-XXL"},"content":{"rendered":"<p>Diese W\u00e4rmeschicht aus 19 Momme-Sandwich-Seide bietet Atmungsaktivit\u00e4t, ein sanftes Hautgef\u00fchl und elegante Bewegungsfreiheit. Die Basisschicht-Konstruktion und die elfenbeinfarbene Farbe sorgen f\u00fcr einen eleganten Look bei k\u00fchlem Wetter. Erh\u00e4ltlich in M, L, XL, XXL. Kalt von Hand waschen oder im Schonwaschgang.<\/p>","protected":false},"excerpt":{"rendered":"<p>19 Momme Sandwashed Seiden-Thermounterw\u00e4sche in Elfenbein. Base-Layer-Ausr\u00fcstung, atmungsaktiv und in den Gr\u00f6\u00dfen M, L, XL und XXL erh\u00e4ltlich. Konzipiert f\u00fcr k\u00fchles Wetter Schichtarbeit.<\/p>","protected":false},"featured_media":1102,"template":"","meta":{"_gspb_post_css":""},"product_brand":[],"product_cat":[41],"product_tag":[1000,1013,994],"class_list":{"0":"post-986","1":"product","2":"type-product","3":"status-publish","4":"has-post-thumbnail","6":"product_cat-silk-long-johns","7":"product_tag-19-momme-silk-long-johns-ivory","8":"product_tag-manufacturer-silk-long-johns-for-cool-weather-layering","9":"product_tag-sandwashed-silk-long-johns-base-layer","11":"first","12":"instock","13":"shipping-taxable","14":"purchasable","15":"product-type-simple"},"_links":{"self":[{"href":"https:\/\/silk-pajamas.com\/de\/wp-json\/wp\/v2\/product\/986","targetHints":{"allow":["GET"]}}],"collection":[{"href":"https:\/\/silk-pajamas.com\/de\/wp-json\/wp\/v2\/product"}],"about":[{"href":"https:\/\/silk-pajamas.com\/de\/wp-json\/wp\/v2\/types\/product"}],"wp:featuredmedia":[{"embeddable":true,"href":"https:\/\/silk-pajamas.com\/de\/wp-json\/wp\/v2\/media\/1102"}],"wp:attachment":[{"href":"https:\/\/silk-pajamas.com\/de\/wp-json\/wp\/v2\/media?parent=986"}],"wp:term":[{"taxonomy":"product_brand","embeddable":true,"href":"https:\/\/silk-pajamas.com\/de\/wp-json\/wp\/v2\/product_brand?post=986"},{"taxonomy":"product_cat","embeddable":true,"href":"https:\/\/silk-pajamas.com\/de\/wp-json\/wp\/v2\/product_cat?post=986"},{"taxonomy":"product_tag","embeddable":true,"href":"https:\/\/silk-pajamas.com\/de\/wp-json\/wp\/v2\/product_tag?post=986"}],"curies":[{"name":"wp","href":"https:\/\/api.w.org\/{rel}","templated":true}]}}