{"id":987,"date":"2026-04-12T15:43:49","date_gmt":"2026-04-12T15:43:49","guid":{"rendered":"https:\/\/silk-pajamas.com\/16-momme-stretch-silk-thermal-set-base-layer-sky-blue\/"},"modified":"2026-04-16T07:21:39","modified_gmt":"2026-04-16T07:21:39","slug":"16-momme-stretch-silk-thermal-set-base-layer-sky-blue","status":"publish","type":"product","link":"https:\/\/silk-pajamas.com\/de\/16-momme-stretch-silk-thermal-set-base-layer-sky-blue\/","title":{"rendered":"16 Momme Stretch Silk Thermal Set Basisschicht Himmelblau"},"content":{"rendered":"<p>Diese Thermo-Basisschicht ist aus 16 momme Stretch-Seide in einem himmelblauen Farbton gefertigt. Sie bietet eine Basisschicht, ein glattes Handgef\u00fchl und einen bequemen Fall f\u00fcr k\u00fchles Wetter. Das Modell ist in den Gr\u00f6\u00dfen S, M, L und XL erh\u00e4ltlich und eignet sich gut f\u00fcr den Herbst, zum Verschenken und f\u00fcr den t\u00e4glichen Komfort. Kalt von Hand waschen oder im Schonwaschgang.<\/p>","protected":false},"excerpt":{"rendered":"<p>16 Momme Stretch Silk Seiden Thermounterw\u00e4sche in Sky Blue. Base Layer Finish, thermoregulierendes Gef\u00fchl und Gr\u00f6\u00dfenauswahl S, M, L, XL. Konzipiert f\u00fcr k\u00fchles Wetter Schichtarbeit.<\/p>","protected":false},"featured_media":1106,"template":"","meta":{"_gspb_post_css":""},"product_brand":[],"product_cat":[41],"product_tag":[1014,1013,1015],"class_list":{"0":"post-987","1":"product","2":"type-product","3":"status-publish","4":"has-post-thumbnail","6":"product_cat-silk-long-johns","7":"product_tag-16-momme-silk-long-johns-sky-blue","8":"product_tag-manufacturer-silk-long-johns-for-cool-weather-layering","9":"product_tag-stretch-silk-silk-long-johns-base-layer","11":"first","12":"instock","13":"shipping-taxable","14":"purchasable","15":"product-type-simple"},"_links":{"self":[{"href":"https:\/\/silk-pajamas.com\/de\/wp-json\/wp\/v2\/product\/987","targetHints":{"allow":["GET"]}}],"collection":[{"href":"https:\/\/silk-pajamas.com\/de\/wp-json\/wp\/v2\/product"}],"about":[{"href":"https:\/\/silk-pajamas.com\/de\/wp-json\/wp\/v2\/types\/product"}],"wp:featuredmedia":[{"embeddable":true,"href":"https:\/\/silk-pajamas.com\/de\/wp-json\/wp\/v2\/media\/1106"}],"wp:attachment":[{"href":"https:\/\/silk-pajamas.com\/de\/wp-json\/wp\/v2\/media?parent=987"}],"wp:term":[{"taxonomy":"product_brand","embeddable":true,"href":"https:\/\/silk-pajamas.com\/de\/wp-json\/wp\/v2\/product_brand?post=987"},{"taxonomy":"product_cat","embeddable":true,"href":"https:\/\/silk-pajamas.com\/de\/wp-json\/wp\/v2\/product_cat?post=987"},{"taxonomy":"product_tag","embeddable":true,"href":"https:\/\/silk-pajamas.com\/de\/wp-json\/wp\/v2\/product_tag?post=987"}],"curies":[{"name":"wp","href":"https:\/\/api.w.org\/{rel}","templated":true}]}}