{"id":989,"date":"2026-04-12T15:43:49","date_gmt":"2026-04-12T15:43:49","guid":{"rendered":"https:\/\/silk-pajamas.com\/16-momme-charmeuse-silk-thermal-set-base-layer-rose\/"},"modified":"2026-04-16T07:27:12","modified_gmt":"2026-04-16T07:27:12","slug":"16-momme-charmeuse-silk-thermal-set-base-layer-rose","status":"publish","type":"product","link":"https:\/\/silk-pajamas.com\/de\/16-momme-charmeuse-silk-thermal-set-base-layer-rose\/","title":{"rendered":"16 Momme Charmeuse Seiden-Thermalset Basisschicht Rose"},"content":{"rendered":"<p>Diese W\u00e4rmeschicht aus 16 Momme-Charmeuse-Seide kombiniert Details einer Basisschicht mit einem weichen Glanz und einem atmungsaktiven Gef\u00fchl. Das ros\u00e9farbene Finish verleiht ihm einen raffinierten Look, w\u00e4hrend die Gr\u00f6\u00dfen XL, XXL, 3XL und 4XL den Kernbedarf decken. Geeignet f\u00fcr k\u00fchle Wetterlagen und f\u00fcr die ganze Saison. Kalt von Hand waschen oder im Schonwaschgang.<\/p>","protected":false},"excerpt":{"rendered":"<p>16 Momme Charmeuse Seiden Thermounterw\u00e4sche in Rose. Base Layer-Ausr\u00fcstung, atmungsaktives Gef\u00fchl und Gr\u00f6\u00dfenbereich XL, XXL, 3XL, 4XL. Entwickelt f\u00fcr k\u00fchles Wetter Schichten.<\/p>","protected":false},"featured_media":1113,"template":"","meta":{"_gspb_post_css":""},"product_brand":[],"product_cat":[41],"product_tag":[988,992,1016],"class_list":{"0":"post-989","1":"product","2":"type-product","3":"status-publish","4":"has-post-thumbnail","6":"product_cat-silk-long-johns","7":"product_tag-16-momme-silk-long-johns-rose","8":"product_tag-charmeuse-silk-long-johns-base-layer","9":"product_tag-wholesale-silk-long-johns-for-cool-weather-layering","11":"first","12":"instock","13":"shipping-taxable","14":"purchasable","15":"product-type-simple"},"_links":{"self":[{"href":"https:\/\/silk-pajamas.com\/de\/wp-json\/wp\/v2\/product\/989","targetHints":{"allow":["GET"]}}],"collection":[{"href":"https:\/\/silk-pajamas.com\/de\/wp-json\/wp\/v2\/product"}],"about":[{"href":"https:\/\/silk-pajamas.com\/de\/wp-json\/wp\/v2\/types\/product"}],"wp:featuredmedia":[{"embeddable":true,"href":"https:\/\/silk-pajamas.com\/de\/wp-json\/wp\/v2\/media\/1113"}],"wp:attachment":[{"href":"https:\/\/silk-pajamas.com\/de\/wp-json\/wp\/v2\/media?parent=989"}],"wp:term":[{"taxonomy":"product_brand","embeddable":true,"href":"https:\/\/silk-pajamas.com\/de\/wp-json\/wp\/v2\/product_brand?post=989"},{"taxonomy":"product_cat","embeddable":true,"href":"https:\/\/silk-pajamas.com\/de\/wp-json\/wp\/v2\/product_cat?post=989"},{"taxonomy":"product_tag","embeddable":true,"href":"https:\/\/silk-pajamas.com\/de\/wp-json\/wp\/v2\/product_tag?post=989"}],"curies":[{"name":"wp","href":"https:\/\/api.w.org\/{rel}","templated":true}]}}