{"id":992,"date":"2026-04-12T15:43:49","date_gmt":"2026-04-12T15:43:49","guid":{"rendered":"https:\/\/silk-pajamas.com\/19-momme-stretch-silk-panties-lace-trim-coffee\/"},"modified":"2026-04-16T07:30:57","modified_gmt":"2026-04-16T07:30:57","slug":"19-momme-stretch-silk-panties-lace-trim-coffee","status":"publish","type":"product","link":"https:\/\/silk-pajamas.com\/de\/19-momme-stretch-silk-panties-lace-trim-coffee\/","title":{"rendered":"19 Momme Stretch Seidenh\u00f6schen Spitzenbesatz Kaffee"},"content":{"rendered":"<p>Dieser Seidenslip aus 19-Momme-Stretchseide kombiniert Spitzenverzierungen mit einem weichen Glanz und einem atmungsaktiven Tragegef\u00fchl. Das Kaffee-Finish verleiht ihm einen raffinierten Look, w\u00e4hrend die Gr\u00f6\u00dfen S, M, L, XL helfen, den Kernbedarf zu decken. Geeignet f\u00fcr den t\u00e4glichen Gebrauch und die Sommergarderobe. Kalt von Hand waschen oder im Schonwaschgang.<\/p>","protected":false},"excerpt":{"rendered":"<p>19 Momme Stretch Silk Seidenslips in Coffee. Mit Spitzenbesatz, atmungsaktiv und in den Gr\u00f6\u00dfen S, M, L, XL erh\u00e4ltlich. Entworfen f\u00fcr den t\u00e4glichen Gebrauch.<\/p>","protected":false},"featured_media":1124,"template":"","meta":{"_gspb_post_css":""},"product_brand":[],"product_cat":[39],"product_tag":[1023,1024,1025],"class_list":{"0":"post-992","1":"product","2":"type-product","3":"status-publish","4":"has-post-thumbnail","6":"product_cat-silk-panties","7":"product_tag-19-momme-silk-panties-coffee","8":"product_tag-stretch-silk-silk-panties-lace-trim","9":"product_tag-vendor-silk-panties-for-daily-wear","11":"first","12":"instock","13":"shipping-taxable","14":"purchasable","15":"product-type-simple"},"_links":{"self":[{"href":"https:\/\/silk-pajamas.com\/de\/wp-json\/wp\/v2\/product\/992","targetHints":{"allow":["GET"]}}],"collection":[{"href":"https:\/\/silk-pajamas.com\/de\/wp-json\/wp\/v2\/product"}],"about":[{"href":"https:\/\/silk-pajamas.com\/de\/wp-json\/wp\/v2\/types\/product"}],"wp:featuredmedia":[{"embeddable":true,"href":"https:\/\/silk-pajamas.com\/de\/wp-json\/wp\/v2\/media\/1124"}],"wp:attachment":[{"href":"https:\/\/silk-pajamas.com\/de\/wp-json\/wp\/v2\/media?parent=992"}],"wp:term":[{"taxonomy":"product_brand","embeddable":true,"href":"https:\/\/silk-pajamas.com\/de\/wp-json\/wp\/v2\/product_brand?post=992"},{"taxonomy":"product_cat","embeddable":true,"href":"https:\/\/silk-pajamas.com\/de\/wp-json\/wp\/v2\/product_cat?post=992"},{"taxonomy":"product_tag","embeddable":true,"href":"https:\/\/silk-pajamas.com\/de\/wp-json\/wp\/v2\/product_tag?post=992"}],"curies":[{"name":"wp","href":"https:\/\/api.w.org\/{rel}","templated":true}]}}