{"id":995,"date":"2026-04-12T15:43:49","date_gmt":"2026-04-12T15:43:49","guid":{"rendered":"https:\/\/silk-pajamas.com\/19-momme-sandwashed-silk-panties-mid-rise-silver\/"},"modified":"2026-04-16T07:37:11","modified_gmt":"2026-04-16T07:37:11","slug":"19-momme-sandwashed-silk-panties-mid-rise-silver","status":"publish","type":"product","link":"https:\/\/silk-pajamas.com\/de\/19-momme-sandwashed-silk-panties-mid-rise-silver\/","title":{"rendered":"19 Momme Sandwashed Seidenh\u00f6schen Mid Rise Silber"},"content":{"rendered":"<p>Dieser Seidenslip aus 19-Momme-Sandwich-Seide bietet ein atmungsaktives, sanftes Hautgef\u00fchl und elegante Bewegungsfreiheit. Der mittelhohe Schnitt und die silberne Farbe sorgen f\u00fcr einen eleganten Look f\u00fcr den t\u00e4glichen Gebrauch. Erh\u00e4ltlich in M, L, XL, XXL. Kalt von Hand waschen oder im Schonwaschgang.<\/p>","protected":false},"excerpt":{"rendered":"<p>19 Momme Sandwashed Seidenslip in Silber. Mid Rise, atmungsaktiv und in den Gr\u00f6\u00dfen M, L, XL, XXL erh\u00e4ltlich. Entworfen f\u00fcr den t\u00e4glichen Gebrauch.<\/p>","protected":false},"featured_media":1133,"template":"","meta":{"_gspb_post_css":""},"product_brand":[],"product_cat":[39],"product_tag":[1031,1032,1025],"class_list":{"0":"post-995","1":"product","2":"type-product","3":"status-publish","4":"has-post-thumbnail","6":"product_cat-silk-panties","7":"product_tag-19-momme-silk-panties-silver","8":"product_tag-sandwashed-silk-panties-mid-rise","9":"product_tag-vendor-silk-panties-for-daily-wear","11":"first","12":"instock","13":"featured","14":"shipping-taxable","15":"purchasable","16":"product-type-simple"},"_links":{"self":[{"href":"https:\/\/silk-pajamas.com\/de\/wp-json\/wp\/v2\/product\/995","targetHints":{"allow":["GET"]}}],"collection":[{"href":"https:\/\/silk-pajamas.com\/de\/wp-json\/wp\/v2\/product"}],"about":[{"href":"https:\/\/silk-pajamas.com\/de\/wp-json\/wp\/v2\/types\/product"}],"wp:featuredmedia":[{"embeddable":true,"href":"https:\/\/silk-pajamas.com\/de\/wp-json\/wp\/v2\/media\/1133"}],"wp:attachment":[{"href":"https:\/\/silk-pajamas.com\/de\/wp-json\/wp\/v2\/media?parent=995"}],"wp:term":[{"taxonomy":"product_brand","embeddable":true,"href":"https:\/\/silk-pajamas.com\/de\/wp-json\/wp\/v2\/product_brand?post=995"},{"taxonomy":"product_cat","embeddable":true,"href":"https:\/\/silk-pajamas.com\/de\/wp-json\/wp\/v2\/product_cat?post=995"},{"taxonomy":"product_tag","embeddable":true,"href":"https:\/\/silk-pajamas.com\/de\/wp-json\/wp\/v2\/product_tag?post=995"}],"curies":[{"name":"wp","href":"https:\/\/api.w.org\/{rel}","templated":true}]}}