{"id":996,"date":"2026-04-12T15:43:50","date_gmt":"2026-04-12T15:43:50","guid":{"rendered":"https:\/\/silk-pajamas.com\/19-momme-stretch-silk-panties-seamless-navy-manufacturer\/"},"modified":"2026-04-16T06:51:05","modified_gmt":"2026-04-16T06:51:05","slug":"19-momme-stretch-silk-panties-seamless-navy-manufacturer","status":"publish","type":"product","link":"https:\/\/silk-pajamas.com\/de\/19-momme-stretch-silk-panties-seamless-navy-manufacturer\/","title":{"rendered":"19 Momme Stretch Seidenh\u00f6schen Nahtlos Marine Hersteller"},"content":{"rendered":"<p>Dieser Seidenslip aus 19-Momme-Stretchseide kombiniert nahtlose Details mit einem weichen Glanz und einem atmungsaktiven Tragegef\u00fchl. Das marineblaue Finish verleiht ihm einen raffinierten Look, w\u00e4hrend die Gr\u00f6\u00dfen S, M, L, XL helfen, den Kernbedarf zu decken. Geeignet f\u00fcr Frauen und f\u00fcr die gesamte Saisongarderobe. Kalt von Hand waschen oder im Schonwaschgang.<\/p>","protected":false},"excerpt":{"rendered":"<p>19 Momme Stretch Silk Seidenslip in Navy. Nahtlose Verarbeitung, leichtes Tragegef\u00fchl und Gr\u00f6\u00dfenauswahl S, M, L, XL. Entworfen f\u00fcr Frauen.<\/p>","protected":false},"featured_media":1046,"template":"","meta":{"_gspb_post_css":""},"product_brand":[],"product_cat":[39],"product_tag":[1033,1030,1034],"class_list":{"0":"post-996","1":"product","2":"type-product","3":"status-publish","4":"has-post-thumbnail","6":"product_cat-silk-panties","7":"product_tag-19-momme-silk-panties-navy","8":"product_tag-stretch-silk-silk-panties-seamless","9":"product_tag-supplier-silk-panties-for-women","11":"first","12":"instock","13":"shipping-taxable","14":"purchasable","15":"product-type-simple"},"_links":{"self":[{"href":"https:\/\/silk-pajamas.com\/de\/wp-json\/wp\/v2\/product\/996","targetHints":{"allow":["GET"]}}],"collection":[{"href":"https:\/\/silk-pajamas.com\/de\/wp-json\/wp\/v2\/product"}],"about":[{"href":"https:\/\/silk-pajamas.com\/de\/wp-json\/wp\/v2\/types\/product"}],"wp:featuredmedia":[{"embeddable":true,"href":"https:\/\/silk-pajamas.com\/de\/wp-json\/wp\/v2\/media\/1046"}],"wp:attachment":[{"href":"https:\/\/silk-pajamas.com\/de\/wp-json\/wp\/v2\/media?parent=996"}],"wp:term":[{"taxonomy":"product_brand","embeddable":true,"href":"https:\/\/silk-pajamas.com\/de\/wp-json\/wp\/v2\/product_brand?post=996"},{"taxonomy":"product_cat","embeddable":true,"href":"https:\/\/silk-pajamas.com\/de\/wp-json\/wp\/v2\/product_cat?post=996"},{"taxonomy":"product_tag","embeddable":true,"href":"https:\/\/silk-pajamas.com\/de\/wp-json\/wp\/v2\/product_tag?post=996"}],"curies":[{"name":"wp","href":"https:\/\/api.w.org\/{rel}","templated":true}]}}