{"id":997,"date":"2026-04-12T15:43:50","date_gmt":"2026-04-12T15:43:50","guid":{"rendered":"https:\/\/silk-pajamas.com\/22-momme-stretch-silk-panties-french-cut-sage-supplier\/"},"modified":"2026-04-16T06:52:41","modified_gmt":"2026-04-16T06:52:41","slug":"22-momme-stretch-silk-panties-french-cut-sage-supplier","status":"publish","type":"product","link":"https:\/\/silk-pajamas.com\/de\/22-momme-stretch-silk-panties-french-cut-sage-supplier\/","title":{"rendered":"22 Momme Stretch Seidenh\u00f6schen French Cut Salbei Lieferant"},"content":{"rendered":"<p>Dieser Seidenslip ist aus 22 momme Stretch-Seide in einem Salbei-Ton gefertigt. Er zeichnet sich durch einen franz\u00f6sischen Schnitt, ein weiches Handgef\u00fchl und einen angenehmen Fall f\u00fcr empfindliche Haut aus. Das Modell ist in den Gr\u00f6\u00dfen XL, XXL, 3XL und 4XL erh\u00e4ltlich und eignet sich gut f\u00fcr den Fr\u00fchling, als Geschenk und f\u00fcr den t\u00e4glichen Komfort. Handw\u00e4sche kalt oder im Schonwaschgang.<\/p>","protected":false},"excerpt":{"rendered":"<p>22 Momme Stretch Silk Seidenslips in Sage. French Cut-Verarbeitung, leichtes Tragegef\u00fchl und Gr\u00f6\u00dfenauswahl XL, XXL, 3XL, 4XL. Entwickelt f\u00fcr empfindliche Haut.<\/p>","protected":false},"featured_media":1049,"template":"","meta":{"_gspb_post_css":""},"product_brand":[],"product_cat":[39],"product_tag":[1035,1036,1037],"class_list":{"0":"post-997","1":"product","2":"type-product","3":"status-publish","4":"has-post-thumbnail","6":"product_cat-silk-panties","7":"product_tag-22-momme-silk-panties-sage","8":"product_tag-stretch-silk-silk-panties-french-cut","9":"product_tag-vendor-silk-panties-for-sensitive-skin","11":"first","12":"instock","13":"shipping-taxable","14":"purchasable","15":"product-type-simple"},"_links":{"self":[{"href":"https:\/\/silk-pajamas.com\/de\/wp-json\/wp\/v2\/product\/997","targetHints":{"allow":["GET"]}}],"collection":[{"href":"https:\/\/silk-pajamas.com\/de\/wp-json\/wp\/v2\/product"}],"about":[{"href":"https:\/\/silk-pajamas.com\/de\/wp-json\/wp\/v2\/types\/product"}],"wp:featuredmedia":[{"embeddable":true,"href":"https:\/\/silk-pajamas.com\/de\/wp-json\/wp\/v2\/media\/1049"}],"wp:attachment":[{"href":"https:\/\/silk-pajamas.com\/de\/wp-json\/wp\/v2\/media?parent=997"}],"wp:term":[{"taxonomy":"product_brand","embeddable":true,"href":"https:\/\/silk-pajamas.com\/de\/wp-json\/wp\/v2\/product_brand?post=997"},{"taxonomy":"product_cat","embeddable":true,"href":"https:\/\/silk-pajamas.com\/de\/wp-json\/wp\/v2\/product_cat?post=997"},{"taxonomy":"product_tag","embeddable":true,"href":"https:\/\/silk-pajamas.com\/de\/wp-json\/wp\/v2\/product_tag?post=997"}],"curies":[{"name":"wp","href":"https:\/\/api.w.org\/{rel}","templated":true}]}}