{"id":1000,"date":"2026-04-12T15:43:50","date_gmt":"2026-04-12T15:43:50","guid":{"rendered":"https:\/\/silk-pajamas.com\/22-momme-stretch-silk-mulberry-silk-panties-seamless-pearl\/"},"modified":"2026-04-16T07:00:43","modified_gmt":"2026-04-16T07:00:43","slug":"22-momme-stretch-silk-mulberry-silk-panties-seamless-pearl","status":"publish","type":"product","link":"https:\/\/silk-pajamas.com\/es\/22-momme-stretch-silk-mulberry-silk-panties-seamless-pearl\/","title":{"rendered":"22 Momme Braguitas de seda el\u00e1stica Mulberry Pearl sin costuras"},"content":{"rendered":"<p>Confeccionado con seda el\u00e1stica de 22 momme, este slip de seda ofrece una ca\u00edda suave, un tacto agradable en la piel y un movimiento elegante. La confecci\u00f3n sin costuras y el color perla mantienen el aspecto pulido de la mujer. Disponible en XL, XXL, 3XL y 4XL. Lavar a mano en fr\u00edo o en ciclo suave.<\/p>","protected":false},"excerpt":{"rendered":"<p>22 Braguitas Momme Stretch Silk de seda en color Pearl. Acabado sin costuras, sensaci\u00f3n de ca\u00edda suave y tallas XL, XXL, 3XL, 4XL. Dise\u00f1ado para la mujer.<\/p>","protected":false},"featured_media":1061,"template":"","meta":{"_gspb_post_css":""},"product_brand":[],"product_cat":[39],"product_tag":[1041,1030,1042],"class_list":{"0":"post-1000","1":"product","2":"type-product","3":"status-publish","4":"has-post-thumbnail","6":"product_cat-silk-panties","7":"product_tag-22-momme-silk-panties-pearl","8":"product_tag-stretch-silk-silk-panties-seamless","9":"product_tag-wholesale-silk-panties-for-women","11":"first","12":"instock","13":"featured","14":"shipping-taxable","15":"purchasable","16":"product-type-simple"},"_links":{"self":[{"href":"https:\/\/silk-pajamas.com\/es\/wp-json\/wp\/v2\/product\/1000","targetHints":{"allow":["GET"]}}],"collection":[{"href":"https:\/\/silk-pajamas.com\/es\/wp-json\/wp\/v2\/product"}],"about":[{"href":"https:\/\/silk-pajamas.com\/es\/wp-json\/wp\/v2\/types\/product"}],"wp:featuredmedia":[{"embeddable":true,"href":"https:\/\/silk-pajamas.com\/es\/wp-json\/wp\/v2\/media\/1061"}],"wp:attachment":[{"href":"https:\/\/silk-pajamas.com\/es\/wp-json\/wp\/v2\/media?parent=1000"}],"wp:term":[{"taxonomy":"product_brand","embeddable":true,"href":"https:\/\/silk-pajamas.com\/es\/wp-json\/wp\/v2\/product_brand?post=1000"},{"taxonomy":"product_cat","embeddable":true,"href":"https:\/\/silk-pajamas.com\/es\/wp-json\/wp\/v2\/product_cat?post=1000"},{"taxonomy":"product_tag","embeddable":true,"href":"https:\/\/silk-pajamas.com\/es\/wp-json\/wp\/v2\/product_tag?post=1000"}],"curies":[{"name":"wp","href":"https:\/\/api.w.org\/{rel}","templated":true}]}}