{"id":1003,"date":"2026-04-12T15:43:50","date_gmt":"2026-04-12T15:43:50","guid":{"rendered":"https:\/\/silk-pajamas.com\/19-momme-stretch-silk-mulberry-silk-panties-french-cut-pearl\/"},"modified":"2026-04-16T07:06:33","modified_gmt":"2026-04-16T07:06:33","slug":"19-momme-stretch-silk-mulberry-silk-panties-french-cut-pearl","status":"publish","type":"product","link":"https:\/\/silk-pajamas.com\/es\/19-momme-stretch-silk-mulberry-silk-panties-french-cut-pearl\/","title":{"rendered":"19 braguitas Momme de seda el\u00e1stica de mora con corte franc\u00e9s de perlas"},"content":{"rendered":"<p>Confeccionado con seda el\u00e1stica 19 momme, este slip de seda ofrece ligereza, un tacto suave en la piel y un movimiento elegante. La construcci\u00f3n de corte franc\u00e9s y el color perla mantienen el aspecto pulido para las mujeres. Disponible en XL, XXL, 3XL, 4XL. Lavar a mano en fr\u00edo o en ciclo suave.<\/p>","protected":false},"excerpt":{"rendered":"<p>19 Braguitas Momme Stretch Silk de seda en color Pearl. Acabado de corte franc\u00e9s, tacto ligero y tallas XL, XXL, 3XL, 4XL. Dise\u00f1ado para la mujer.<\/p>","protected":false},"featured_media":1074,"template":"","meta":{"_gspb_post_css":""},"product_brand":[],"product_cat":[39],"product_tag":[1047,1048,1036],"class_list":{"0":"post-1003","1":"product","2":"type-product","3":"status-publish","4":"has-post-thumbnail","6":"product_cat-silk-panties","7":"product_tag-19-momme-silk-panties-pearl","8":"product_tag-factory-silk-panties-for-women","9":"product_tag-stretch-silk-silk-panties-french-cut","11":"first","12":"instock","13":"shipping-taxable","14":"purchasable","15":"product-type-simple"},"_links":{"self":[{"href":"https:\/\/silk-pajamas.com\/es\/wp-json\/wp\/v2\/product\/1003","targetHints":{"allow":["GET"]}}],"collection":[{"href":"https:\/\/silk-pajamas.com\/es\/wp-json\/wp\/v2\/product"}],"about":[{"href":"https:\/\/silk-pajamas.com\/es\/wp-json\/wp\/v2\/types\/product"}],"wp:featuredmedia":[{"embeddable":true,"href":"https:\/\/silk-pajamas.com\/es\/wp-json\/wp\/v2\/media\/1074"}],"wp:attachment":[{"href":"https:\/\/silk-pajamas.com\/es\/wp-json\/wp\/v2\/media?parent=1003"}],"wp:term":[{"taxonomy":"product_brand","embeddable":true,"href":"https:\/\/silk-pajamas.com\/es\/wp-json\/wp\/v2\/product_brand?post=1003"},{"taxonomy":"product_cat","embeddable":true,"href":"https:\/\/silk-pajamas.com\/es\/wp-json\/wp\/v2\/product_cat?post=1003"},{"taxonomy":"product_tag","embeddable":true,"href":"https:\/\/silk-pajamas.com\/es\/wp-json\/wp\/v2\/product_tag?post=1003"}],"curies":[{"name":"wp","href":"https:\/\/api.w.org\/{rel}","templated":true}]}}