{"id":1007,"date":"2026-04-12T15:43:50","date_gmt":"2026-04-12T15:43:50","guid":{"rendered":"https:\/\/silk-pajamas.com\/22-momme-stretch-silk-mulberry-silk-panties-plus-size-silver\/"},"modified":"2026-04-16T07:13:45","modified_gmt":"2026-04-16T07:13:45","slug":"22-momme-stretch-silk-mulberry-silk-panties-plus-size-silver","status":"publish","type":"product","link":"https:\/\/silk-pajamas.com\/es\/22-momme-stretch-silk-mulberry-silk-panties-plus-size-silver\/","title":{"rendered":"22 Momme Braguitas de Seda Stretch Mulberry Silk Plus Size Silver"},"content":{"rendered":"<p>Esta braguita de seda est\u00e1 confeccionada en seda el\u00e1stica de 22 momme en tono plateado. Presenta un corte franc\u00e9s, una sensaci\u00f3n suave al tacto y una ca\u00edda c\u00f3moda para armarios de novia. Este modelo es compatible con las tallas XL, XXL, 3XL y 4XL y es ideal para llevar en oto\u00f1o, para regalar o para el d\u00eda a d\u00eda. Lavar a mano en fr\u00edo o en ciclo delicado.<\/p>","protected":false},"excerpt":{"rendered":"<p>Calzoncillos 22 Momme Stretch Silk en seda plateada. Acabado de corte franc\u00e9s, tacto ligero y tallas XL, XXL, 3XL, 4XL. Dise\u00f1ado para armarios de novia.<\/p>","protected":false},"featured_media":1091,"template":"","meta":{"_gspb_post_css":""},"product_brand":[],"product_cat":[39],"product_tag":[1039,1036,1055],"class_list":{"0":"post-1007","1":"product","2":"type-product","3":"status-publish","4":"has-post-thumbnail","6":"product_cat-silk-panties","7":"product_tag-22-momme-silk-panties-silver","8":"product_tag-stretch-silk-silk-panties-french-cut","9":"product_tag-supplier-silk-panties-for-bridal-wardrobes","11":"first","12":"instock","13":"shipping-taxable","14":"purchasable","15":"product-type-simple"},"_links":{"self":[{"href":"https:\/\/silk-pajamas.com\/es\/wp-json\/wp\/v2\/product\/1007","targetHints":{"allow":["GET"]}}],"collection":[{"href":"https:\/\/silk-pajamas.com\/es\/wp-json\/wp\/v2\/product"}],"about":[{"href":"https:\/\/silk-pajamas.com\/es\/wp-json\/wp\/v2\/types\/product"}],"wp:featuredmedia":[{"embeddable":true,"href":"https:\/\/silk-pajamas.com\/es\/wp-json\/wp\/v2\/media\/1091"}],"wp:attachment":[{"href":"https:\/\/silk-pajamas.com\/es\/wp-json\/wp\/v2\/media?parent=1007"}],"wp:term":[{"taxonomy":"product_brand","embeddable":true,"href":"https:\/\/silk-pajamas.com\/es\/wp-json\/wp\/v2\/product_brand?post=1007"},{"taxonomy":"product_cat","embeddable":true,"href":"https:\/\/silk-pajamas.com\/es\/wp-json\/wp\/v2\/product_cat?post=1007"},{"taxonomy":"product_tag","embeddable":true,"href":"https:\/\/silk-pajamas.com\/es\/wp-json\/wp\/v2\/product_tag?post=1007"}],"curies":[{"name":"wp","href":"https:\/\/api.w.org\/{rel}","templated":true}]}}