{"id":533,"date":"2026-04-12T15:43:00","date_gmt":"2026-04-12T15:43:00","guid":{"rendered":"https:\/\/silk-pajamas.com\/22-momme-crepe-silk-cami-set-piped-floral-manufacturer\/"},"modified":"2026-05-09T10:28:04","modified_gmt":"2026-05-09T10:28:04","slug":"22-momme-crepe-silk-cami-set-piped-floral-manufacturer","status":"publish","type":"product","link":"https:\/\/silk-pajamas.com\/es\/22-momme-crepe-silk-cami-set-piped-floral-manufacturer\/","title":{"rendered":"22 Momme Crepe Seda Conjunto Cami Ribeteado Floral Fabricante"},"content":{"rendered":"<p>Confeccionado en crep\u00e9 de seda 22 momme, este conjunto de dos piezas para dormir combina detalles ribeteados con un brillo suave y un tacto transpirable. El acabado floral le confiere un aspecto refinado, mientras que las tallas XS, S, M, L, XL ayudan a cubrir la demanda b\u00e1sica. Adecuado para vestir en estaciones y armarios oto\u00f1ales. Lavar a mano en fr\u00edo o en ciclo delicado.<\/p>","protected":false},"excerpt":{"rendered":"<p>Conjunto de dos piezas de seda Momme Crepe 22 en Floral. Acabado ribeteado, suave ca\u00edda y tallas XS, S, M, L, XL. Dise\u00f1ado para vestir en las estaciones.<\/p>","protected":false},"featured_media":2561,"template":"","meta":{"_gspb_post_css":""},"product_brand":[],"product_cat":[22],"product_tag":[45,46,47],"class_list":{"0":"post-533","1":"product","2":"type-product","3":"status-publish","4":"has-post-thumbnail","6":"product_cat-silk-camisole-sets","7":"product_tag-22-momme-silk-camisole-set-floral","8":"product_tag-crepe-silk-camisole-set-piped","9":"product_tag-factory-silk-camisole-set-for-resort-dressing","11":"first","12":"instock","13":"shipping-taxable","14":"purchasable","15":"product-type-simple"},"_links":{"self":[{"href":"https:\/\/silk-pajamas.com\/es\/wp-json\/wp\/v2\/product\/533","targetHints":{"allow":["GET"]}}],"collection":[{"href":"https:\/\/silk-pajamas.com\/es\/wp-json\/wp\/v2\/product"}],"about":[{"href":"https:\/\/silk-pajamas.com\/es\/wp-json\/wp\/v2\/types\/product"}],"wp:featuredmedia":[{"embeddable":true,"href":"https:\/\/silk-pajamas.com\/es\/wp-json\/wp\/v2\/media\/2561"}],"wp:attachment":[{"href":"https:\/\/silk-pajamas.com\/es\/wp-json\/wp\/v2\/media?parent=533"}],"wp:term":[{"taxonomy":"product_brand","embeddable":true,"href":"https:\/\/silk-pajamas.com\/es\/wp-json\/wp\/v2\/product_brand?post=533"},{"taxonomy":"product_cat","embeddable":true,"href":"https:\/\/silk-pajamas.com\/es\/wp-json\/wp\/v2\/product_cat?post=533"},{"taxonomy":"product_tag","embeddable":true,"href":"https:\/\/silk-pajamas.com\/es\/wp-json\/wp\/v2\/product_tag?post=533"}],"curies":[{"name":"wp","href":"https:\/\/api.w.org\/{rel}","templated":true}]}}