{"id":534,"date":"2026-04-12T15:43:00","date_gmt":"2026-04-12T15:43:00","guid":{"rendered":"https:\/\/silk-pajamas.com\/16-momme-charmeuse-silk-camisole-set-french-seam-leopard\/"},"modified":"2026-05-09T10:28:35","modified_gmt":"2026-05-09T10:28:35","slug":"16-momme-charmeuse-silk-camisole-set-french-seam-leopard","status":"publish","type":"product","link":"https:\/\/silk-pajamas.com\/es\/16-momme-charmeuse-silk-camisole-set-french-seam-leopard\/","title":{"rendered":"16 Conjunto Momme Charmeuse Camisola de seda costura francesa Leopardo"},"content":{"rendered":"<p>Confeccionado en seda charmeuse 16 momme, este conjunto de dos piezas para dormir combina el detalle de la costura francesa con un brillo suave y un tacto transpirable. El acabado de leopardo le confiere un aspecto refinado, mientras que las tallas XS, S, M, L, XL ayudan a cubrir la demanda b\u00e1sica. Adecuada para la ropa de sal\u00f3n de diario y los armarios de oto\u00f1o. Lavar a mano en fr\u00edo o en ciclo delicado.<\/p>","protected":false},"excerpt":{"rendered":"<p>Conjunto de dos piezas de seda Momme Charmeuse 16 en leopardo. Acabado de costura francesa, tacto resistente a las arrugas y tallas XS, S, M, L, XL. Dise\u00f1ado para el d\u00eda a d\u00eda.<\/p>","protected":false},"featured_media":2420,"template":"","meta":{"_gspb_post_css":""},"product_brand":[],"product_cat":[22],"product_tag":[48,49,50],"class_list":{"0":"post-534","1":"product","2":"type-product","3":"status-publish","4":"has-post-thumbnail","6":"product_cat-silk-camisole-sets","7":"product_tag-16-momme-silk-camisole-set-leopard","8":"product_tag-charmeuse-silk-camisole-set-french-seam","9":"product_tag-factory-silk-camisole-set-for-everyday-lounge-wear","11":"first","12":"instock","13":"shipping-taxable","14":"purchasable","15":"product-type-simple"},"_links":{"self":[{"href":"https:\/\/silk-pajamas.com\/es\/wp-json\/wp\/v2\/product\/534","targetHints":{"allow":["GET"]}}],"collection":[{"href":"https:\/\/silk-pajamas.com\/es\/wp-json\/wp\/v2\/product"}],"about":[{"href":"https:\/\/silk-pajamas.com\/es\/wp-json\/wp\/v2\/types\/product"}],"wp:featuredmedia":[{"embeddable":true,"href":"https:\/\/silk-pajamas.com\/es\/wp-json\/wp\/v2\/media\/2420"}],"wp:attachment":[{"href":"https:\/\/silk-pajamas.com\/es\/wp-json\/wp\/v2\/media?parent=534"}],"wp:term":[{"taxonomy":"product_brand","embeddable":true,"href":"https:\/\/silk-pajamas.com\/es\/wp-json\/wp\/v2\/product_brand?post=534"},{"taxonomy":"product_cat","embeddable":true,"href":"https:\/\/silk-pajamas.com\/es\/wp-json\/wp\/v2\/product_cat?post=534"},{"taxonomy":"product_tag","embeddable":true,"href":"https:\/\/silk-pajamas.com\/es\/wp-json\/wp\/v2\/product_tag?post=534"}],"curies":[{"name":"wp","href":"https:\/\/api.w.org\/{rel}","templated":true}]}}