{"id":535,"date":"2026-04-12T15:43:00","date_gmt":"2026-04-12T15:43:00","guid":{"rendered":"https:\/\/silk-pajamas.com\/19-momme-crepe-silk-cami-shorts-set-contrast-trim-champagne\/"},"modified":"2026-05-09T10:54:16","modified_gmt":"2026-05-09T10:54:16","slug":"19-momme-crepe-silk-cami-shorts-set-contrast-trim-champagne","status":"publish","type":"product","link":"https:\/\/silk-pajamas.com\/es\/19-momme-crepe-silk-cami-shorts-set-contrast-trim-champagne\/","title":{"rendered":"19 Conjunto Momme Crepe Seda Cami Shorts Contraste Champ\u00e1n"},"content":{"rendered":"<p>Confeccionado con crep\u00e9 de seda 19 momme, este conjunto de dos piezas para dormir ofrece ligereza, un tacto suave en la piel y un movimiento elegante. La confecci\u00f3n con ribetes en contraste y el color champ\u00e1n mantienen el look refinado para la mujer. Disponible en S, M, L, XL. Lavar a mano en fr\u00edo o en ciclo delicado.<\/p>","protected":false},"excerpt":{"rendered":"<p>19 Conjunto de dormir Momme en crep\u00e9 de seda color champ\u00e1n. Acabado con ribete en contraste, tacto ligero y tallas S, M, L, XL. Dise\u00f1ado para la mujer.<\/p>","protected":false},"featured_media":2563,"template":"","meta":{"_gspb_post_css":""},"product_brand":[],"product_cat":[22],"product_tag":[51,52,53],"class_list":{"0":"post-535","1":"product","2":"type-product","3":"status-publish","4":"has-post-thumbnail","6":"product_cat-silk-camisole-sets","7":"product_tag-19-momme-silk-camisole-set-champagne","8":"product_tag-crepe-silk-camisole-set-contrast-trim","9":"product_tag-factory-silk-camisole-set-for-women","11":"first","12":"instock","13":"shipping-taxable","14":"purchasable","15":"product-type-simple"},"_links":{"self":[{"href":"https:\/\/silk-pajamas.com\/es\/wp-json\/wp\/v2\/product\/535","targetHints":{"allow":["GET"]}}],"collection":[{"href":"https:\/\/silk-pajamas.com\/es\/wp-json\/wp\/v2\/product"}],"about":[{"href":"https:\/\/silk-pajamas.com\/es\/wp-json\/wp\/v2\/types\/product"}],"wp:featuredmedia":[{"embeddable":true,"href":"https:\/\/silk-pajamas.com\/es\/wp-json\/wp\/v2\/media\/2563"}],"wp:attachment":[{"href":"https:\/\/silk-pajamas.com\/es\/wp-json\/wp\/v2\/media?parent=535"}],"wp:term":[{"taxonomy":"product_brand","embeddable":true,"href":"https:\/\/silk-pajamas.com\/es\/wp-json\/wp\/v2\/product_brand?post=535"},{"taxonomy":"product_cat","embeddable":true,"href":"https:\/\/silk-pajamas.com\/es\/wp-json\/wp\/v2\/product_cat?post=535"},{"taxonomy":"product_tag","embeddable":true,"href":"https:\/\/silk-pajamas.com\/es\/wp-json\/wp\/v2\/product_tag?post=535"}],"curies":[{"name":"wp","href":"https:\/\/api.w.org\/{rel}","templated":true}]}}