{"id":536,"date":"2026-04-12T15:43:00","date_gmt":"2026-04-12T15:43:00","guid":{"rendered":"https:\/\/silk-pajamas.com\/22-momme-charmeuse-silk-camisole-set-lace-trim-navy-vendor\/"},"modified":"2026-05-09T10:56:34","modified_gmt":"2026-05-09T10:56:34","slug":"22-momme-charmeuse-silk-camisole-set-lace-trim-navy-vendor","status":"publish","type":"product","link":"https:\/\/silk-pajamas.com\/es\/22-momme-charmeuse-silk-camisole-set-lace-trim-navy-vendor\/","title":{"rendered":"22 Momme Charmeuse Conjunto Camisola Seda Encaje Azul Marino Vendedor"},"content":{"rendered":"<p>Este conjunto de dos piezas est\u00e1 confeccionado en seda charmeuse 22 momme en tono azul marino. Presenta un ribete de encaje, una suave sensaci\u00f3n al tacto y una c\u00f3moda ca\u00edda para vestir como en verano. Admite tallas personalizadas y es ideal para llevar en oto\u00f1o, para regalar o para el d\u00eda a d\u00eda. Lavar a mano en fr\u00edo o en ciclo delicado.<\/p>","protected":false},"excerpt":{"rendered":"<p>Conjunto de dos piezas de seda Momme Charmeuse 22 en azul marino. Acabado con ribete de encaje, sensaci\u00f3n de ca\u00edda suave y gama de tallas personalizada. Dise\u00f1ado para vestir de resort.<\/p>","protected":false},"featured_media":2564,"template":"","meta":{"_gspb_post_css":""},"product_brand":[],"product_cat":[22],"product_tag":[54,55,56],"class_list":{"0":"post-536","1":"product","2":"type-product","3":"status-publish","4":"has-post-thumbnail","6":"product_cat-silk-camisole-sets","7":"product_tag-22-momme-silk-camisole-set-navy","8":"product_tag-charmeuse-silk-camisole-set-lace-trim","9":"product_tag-supplier-silk-camisole-set-for-resort-dressing","11":"first","12":"instock","13":"shipping-taxable","14":"purchasable","15":"product-type-simple"},"_links":{"self":[{"href":"https:\/\/silk-pajamas.com\/es\/wp-json\/wp\/v2\/product\/536","targetHints":{"allow":["GET"]}}],"collection":[{"href":"https:\/\/silk-pajamas.com\/es\/wp-json\/wp\/v2\/product"}],"about":[{"href":"https:\/\/silk-pajamas.com\/es\/wp-json\/wp\/v2\/types\/product"}],"wp:featuredmedia":[{"embeddable":true,"href":"https:\/\/silk-pajamas.com\/es\/wp-json\/wp\/v2\/media\/2564"}],"wp:attachment":[{"href":"https:\/\/silk-pajamas.com\/es\/wp-json\/wp\/v2\/media?parent=536"}],"wp:term":[{"taxonomy":"product_brand","embeddable":true,"href":"https:\/\/silk-pajamas.com\/es\/wp-json\/wp\/v2\/product_brand?post=536"},{"taxonomy":"product_cat","embeddable":true,"href":"https:\/\/silk-pajamas.com\/es\/wp-json\/wp\/v2\/product_cat?post=536"},{"taxonomy":"product_tag","embeddable":true,"href":"https:\/\/silk-pajamas.com\/es\/wp-json\/wp\/v2\/product_tag?post=536"}],"curies":[{"name":"wp","href":"https:\/\/api.w.org\/{rel}","templated":true}]}}