{"id":537,"date":"2026-04-12T15:43:00","date_gmt":"2026-04-12T15:43:00","guid":{"rendered":"https:\/\/silk-pajamas.com\/22-momme-silk-cami-shorts-set-french-seam-champagne-reach\/"},"modified":"2026-05-09T10:56:59","modified_gmt":"2026-05-09T10:56:59","slug":"22-momme-silk-cami-shorts-set-french-seam-champagne-reach","status":"publish","type":"product","link":"https:\/\/silk-pajamas.com\/es\/22-momme-silk-cami-shorts-set-french-seam-champagne-reach\/","title":{"rendered":"22 Conjunto Momme Seda Cami Pantalones Cortos Costura Francesa Champ\u00e1n REACH"},"content":{"rendered":"<p>Este pijama de dos piezas est\u00e1 confeccionado en seda jaspeada de 22 micras en tono champ\u00e1n. Presenta una costura francesa, un tacto suave y una ca\u00edda c\u00f3moda para el d\u00eda a d\u00eda. El estilo admite tallas personalizadas y es ideal para llevar en cualquier \u00e9poca del a\u00f1o, para regalar o para el confort diario. Lavar a mano en fr\u00edo o en ciclo delicado.<\/p>","protected":false},"excerpt":{"rendered":"<p>Juego de dormir de dos piezas de seda Sandwashed 22 Momme en Champagne. Acabado French Seam, tacto termorregulador y gama de tallas Custom. Dise\u00f1ado para el descanso diario.<\/p>","protected":false},"featured_media":2563,"template":"","meta":{"_gspb_post_css":""},"product_brand":[],"product_cat":[22],"product_tag":[57,50,58],"class_list":{"0":"post-537","1":"product","2":"type-product","3":"status-publish","4":"has-post-thumbnail","6":"product_cat-silk-camisole-sets","7":"product_tag-22-momme-silk-camisole-set-champagne","8":"product_tag-factory-silk-camisole-set-for-everyday-lounge-wear","9":"product_tag-sandwashed-silk-camisole-set-french-seam","11":"first","12":"instock","13":"featured","14":"shipping-taxable","15":"purchasable","16":"product-type-simple"},"_links":{"self":[{"href":"https:\/\/silk-pajamas.com\/es\/wp-json\/wp\/v2\/product\/537","targetHints":{"allow":["GET"]}}],"collection":[{"href":"https:\/\/silk-pajamas.com\/es\/wp-json\/wp\/v2\/product"}],"about":[{"href":"https:\/\/silk-pajamas.com\/es\/wp-json\/wp\/v2\/types\/product"}],"wp:featuredmedia":[{"embeddable":true,"href":"https:\/\/silk-pajamas.com\/es\/wp-json\/wp\/v2\/media\/2563"}],"wp:attachment":[{"href":"https:\/\/silk-pajamas.com\/es\/wp-json\/wp\/v2\/media?parent=537"}],"wp:term":[{"taxonomy":"product_brand","embeddable":true,"href":"https:\/\/silk-pajamas.com\/es\/wp-json\/wp\/v2\/product_brand?post=537"},{"taxonomy":"product_cat","embeddable":true,"href":"https:\/\/silk-pajamas.com\/es\/wp-json\/wp\/v2\/product_cat?post=537"},{"taxonomy":"product_tag","embeddable":true,"href":"https:\/\/silk-pajamas.com\/es\/wp-json\/wp\/v2\/product_tag?post=537"}],"curies":[{"name":"wp","href":"https:\/\/api.w.org\/{rel}","templated":true}]}}