{"id":539,"date":"2026-04-12T15:43:01","date_gmt":"2026-04-12T15:43:01","guid":{"rendered":"https:\/\/silk-pajamas.com\/19-momme-sandwashed-silk-cami-shorts-set-contrast-trim-rose\/"},"modified":"2026-05-09T10:05:05","modified_gmt":"2026-05-09T10:05:05","slug":"19-momme-sandwashed-silk-cami-shorts-set-contrast-trim-rose","status":"publish","type":"product","link":"https:\/\/silk-pajamas.com\/es\/19-momme-sandwashed-silk-cami-shorts-set-contrast-trim-rose\/","title":{"rendered":"19 Conjunto Momme Cami Shorts Seda Contraste Rosa"},"content":{"rendered":"<p>Este conjunto de dos piezas est\u00e1 confeccionado en seda jaspeada de 19 micras en tono rosa. Presenta un ribete en contraste, un tacto suave y una ca\u00edda c\u00f3moda para el d\u00eda a d\u00eda. Este modelo es compatible con las tallas XS, S, M, L y XL y es ideal para el verano, para regalar o para el d\u00eda a d\u00eda. Lavar a mano en fr\u00edo o en ciclo delicado.<\/p>","protected":false},"excerpt":{"rendered":"<p>19 Momme Sandwashed, dos piezas de seda en color rosa. Acabado con ribete en contraste, tacto suave y tallas XS, S, M, L, XL. Dise\u00f1ado para el d\u00eda a d\u00eda.<\/p>","protected":false},"featured_media":2537,"template":"","meta":{"_gspb_post_css":""},"product_brand":[],"product_cat":[22],"product_tag":[62,63,64],"class_list":{"0":"post-539","1":"product","2":"type-product","3":"status-publish","4":"has-post-thumbnail","6":"product_cat-silk-camisole-sets","7":"product_tag-19-momme-silk-camisole-set-rose","8":"product_tag-sandwashed-silk-camisole-set-contrast-trim","9":"product_tag-wholesale-silk-camisole-set-for-everyday-lounge-wear","11":"first","12":"instock","13":"shipping-taxable","14":"purchasable","15":"product-type-simple"},"_links":{"self":[{"href":"https:\/\/silk-pajamas.com\/es\/wp-json\/wp\/v2\/product\/539","targetHints":{"allow":["GET"]}}],"collection":[{"href":"https:\/\/silk-pajamas.com\/es\/wp-json\/wp\/v2\/product"}],"about":[{"href":"https:\/\/silk-pajamas.com\/es\/wp-json\/wp\/v2\/types\/product"}],"wp:featuredmedia":[{"embeddable":true,"href":"https:\/\/silk-pajamas.com\/es\/wp-json\/wp\/v2\/media\/2537"}],"wp:attachment":[{"href":"https:\/\/silk-pajamas.com\/es\/wp-json\/wp\/v2\/media?parent=539"}],"wp:term":[{"taxonomy":"product_brand","embeddable":true,"href":"https:\/\/silk-pajamas.com\/es\/wp-json\/wp\/v2\/product_brand?post=539"},{"taxonomy":"product_cat","embeddable":true,"href":"https:\/\/silk-pajamas.com\/es\/wp-json\/wp\/v2\/product_cat?post=539"},{"taxonomy":"product_tag","embeddable":true,"href":"https:\/\/silk-pajamas.com\/es\/wp-json\/wp\/v2\/product_tag?post=539"}],"curies":[{"name":"wp","href":"https:\/\/api.w.org\/{rel}","templated":true}]}}