{"id":544,"date":"2026-04-12T15:43:01","date_gmt":"2026-04-12T15:43:01","guid":{"rendered":"https:\/\/silk-pajamas.com\/25-momme-mulberry-silk-cami-shorts-set-bias-cut-ivory\/"},"modified":"2026-05-09T10:14:24","modified_gmt":"2026-05-09T10:14:24","slug":"25-momme-mulberry-silk-cami-shorts-set-bias-cut-ivory","status":"publish","type":"product","link":"https:\/\/silk-pajamas.com\/es\/25-momme-mulberry-silk-cami-shorts-set-bias-cut-ivory\/","title":{"rendered":"25 Conjunto Momme Mulberry Silk Cami Shorts Bias Cut Ivory"},"content":{"rendered":"<p>Este conjunto de dos piezas est\u00e1 confeccionado en seda de morera de 25 micras en tono marfil. Presenta un corte al bies, una sensaci\u00f3n suave al tacto y una ca\u00edda c\u00f3moda para vestir como en un resort. Admite tallas personalizadas y es ideal para llevar en cualquier \u00e9poca del a\u00f1o, para regalar o para el d\u00eda a d\u00eda. Lavar a mano en fr\u00edo o en ciclo delicado.<\/p>","protected":false},"excerpt":{"rendered":"<p>25 Momme Mulberry seda dos piezas juego de dormir en Marfil. Acabado Bias Cut, tacto suave y gama de tallas Custom. Dise\u00f1ado para vestir en complejos tur\u00edsticos.<\/p>","protected":false},"featured_media":2544,"template":"","meta":{"_gspb_post_css":""},"product_brand":[],"product_cat":[22],"product_tag":[74,75,56],"class_list":{"0":"post-544","1":"product","2":"type-product","3":"status-publish","4":"has-post-thumbnail","6":"product_cat-silk-camisole-sets","7":"product_tag-25-momme-silk-camisole-set-ivory","8":"product_tag-mulberry-silk-camisole-set-bias-cut","9":"product_tag-supplier-silk-camisole-set-for-resort-dressing","11":"first","12":"instock","13":"shipping-taxable","14":"purchasable","15":"product-type-simple"},"_links":{"self":[{"href":"https:\/\/silk-pajamas.com\/es\/wp-json\/wp\/v2\/product\/544","targetHints":{"allow":["GET"]}}],"collection":[{"href":"https:\/\/silk-pajamas.com\/es\/wp-json\/wp\/v2\/product"}],"about":[{"href":"https:\/\/silk-pajamas.com\/es\/wp-json\/wp\/v2\/types\/product"}],"wp:featuredmedia":[{"embeddable":true,"href":"https:\/\/silk-pajamas.com\/es\/wp-json\/wp\/v2\/media\/2544"}],"wp:attachment":[{"href":"https:\/\/silk-pajamas.com\/es\/wp-json\/wp\/v2\/media?parent=544"}],"wp:term":[{"taxonomy":"product_brand","embeddable":true,"href":"https:\/\/silk-pajamas.com\/es\/wp-json\/wp\/v2\/product_brand?post=544"},{"taxonomy":"product_cat","embeddable":true,"href":"https:\/\/silk-pajamas.com\/es\/wp-json\/wp\/v2\/product_cat?post=544"},{"taxonomy":"product_tag","embeddable":true,"href":"https:\/\/silk-pajamas.com\/es\/wp-json\/wp\/v2\/product_tag?post=544"}],"curies":[{"name":"wp","href":"https:\/\/api.w.org\/{rel}","templated":true}]}}