{"id":545,"date":"2026-04-12T15:43:01","date_gmt":"2026-04-12T15:43:01","guid":{"rendered":"https:\/\/silk-pajamas.com\/16-momme-mulberry-silk-cami-shorts-set-contrast-trim-emerald\/"},"modified":"2026-05-09T10:17:55","modified_gmt":"2026-05-09T10:17:55","slug":"16-momme-mulberry-silk-cami-shorts-set-contrast-trim-emerald","status":"publish","type":"product","link":"https:\/\/silk-pajamas.com\/es\/16-momme-mulberry-silk-cami-shorts-set-contrast-trim-emerald\/","title":{"rendered":"16 Conjunto Momme Mulberry Cami Shorts Seda Contraste Esmeralda"},"content":{"rendered":"<p>Confeccionado en seda de morera de 16 momme, este conjunto de dos piezas para dormir combina detalles de ribete en contraste con un brillo suave y un tacto transpirable. El acabado esmeralda le confiere un aspecto refinado, mientras que las tallas personalizadas ayudan a cubrir la demanda b\u00e1sica. Adecuado para mujeres y armarios de todas las temporadas. Lavar a mano en fr\u00edo o en ciclo delicado.<\/p>","protected":false},"excerpt":{"rendered":"<p>16 Momme Mulberry, dos piezas de seda en color esmeralda. Acabado de ribete en contraste, sensaci\u00f3n de ca\u00edda suave y gama de tallas personalizada. Dise\u00f1ado para la mujer.<\/p>","protected":false},"featured_media":2548,"template":"","meta":{"_gspb_post_css":""},"product_brand":[],"product_cat":[22],"product_tag":[76,73,69],"class_list":{"0":"post-545","1":"product","2":"type-product","3":"status-publish","4":"has-post-thumbnail","6":"product_cat-silk-camisole-sets","7":"product_tag-16-momme-silk-camisole-set-emerald","8":"product_tag-mulberry-silk-camisole-set-contrast-trim","9":"product_tag-wholesale-silk-camisole-set-for-women","11":"first","12":"instock","13":"shipping-taxable","14":"purchasable","15":"product-type-simple"},"_links":{"self":[{"href":"https:\/\/silk-pajamas.com\/es\/wp-json\/wp\/v2\/product\/545","targetHints":{"allow":["GET"]}}],"collection":[{"href":"https:\/\/silk-pajamas.com\/es\/wp-json\/wp\/v2\/product"}],"about":[{"href":"https:\/\/silk-pajamas.com\/es\/wp-json\/wp\/v2\/types\/product"}],"wp:featuredmedia":[{"embeddable":true,"href":"https:\/\/silk-pajamas.com\/es\/wp-json\/wp\/v2\/media\/2548"}],"wp:attachment":[{"href":"https:\/\/silk-pajamas.com\/es\/wp-json\/wp\/v2\/media?parent=545"}],"wp:term":[{"taxonomy":"product_brand","embeddable":true,"href":"https:\/\/silk-pajamas.com\/es\/wp-json\/wp\/v2\/product_brand?post=545"},{"taxonomy":"product_cat","embeddable":true,"href":"https:\/\/silk-pajamas.com\/es\/wp-json\/wp\/v2\/product_cat?post=545"},{"taxonomy":"product_tag","embeddable":true,"href":"https:\/\/silk-pajamas.com\/es\/wp-json\/wp\/v2\/product_tag?post=545"}],"curies":[{"name":"wp","href":"https:\/\/api.w.org\/{rel}","templated":true}]}}