{"id":546,"date":"2026-04-12T15:43:01","date_gmt":"2026-04-12T15:43:01","guid":{"rendered":"https:\/\/silk-pajamas.com\/19-momme-mulberry-silk-camisole-set-adjustable-strap-navy\/"},"modified":"2026-05-09T10:20:04","modified_gmt":"2026-05-09T10:20:04","slug":"19-momme-mulberry-silk-camisole-set-adjustable-strap-navy","status":"publish","type":"product","link":"https:\/\/silk-pajamas.com\/es\/19-momme-mulberry-silk-camisole-set-adjustable-strap-navy\/","title":{"rendered":"19 Momme Conjunto Camisola Seda Mulberry Tirante Ajustable Azul Marino"},"content":{"rendered":"<p>Este conjunto de dos piezas est\u00e1 confeccionado en seda de morera 19 momme en tono azul marino. Tiene tirantes ajustables, un tacto suave y una ca\u00edda c\u00f3moda para armarios de novia. Este modelo es compatible con las tallas S, M, L y XL y es ideal para llevar en cualquier \u00e9poca del a\u00f1o, para regalar o para el d\u00eda a d\u00eda. Lavar a mano en fr\u00edo o en ciclo delicado.<\/p>","protected":false},"excerpt":{"rendered":"<p>19 Conjunto de dos piezas Momme Mulberry en seda azul marino. Acabado con tiras ajustables, tacto resistente a las arrugas y tallas S, M, L, XL. Dise\u00f1ado para armarios de novia.<\/p>","protected":false},"featured_media":2552,"template":"","meta":{"_gspb_post_css":""},"product_brand":[],"product_cat":[22],"product_tag":[77,68,61],"class_list":{"0":"post-546","1":"product","2":"type-product","3":"status-publish","4":"has-post-thumbnail","6":"product_cat-silk-camisole-sets","7":"product_tag-19-momme-silk-camisole-set-navy","8":"product_tag-mulberry-silk-camisole-set-adjustable-strap","9":"product_tag-vendor-silk-camisole-set-for-bridal-wardrobes","11":"first","12":"instock","13":"shipping-taxable","14":"purchasable","15":"product-type-simple"},"_links":{"self":[{"href":"https:\/\/silk-pajamas.com\/es\/wp-json\/wp\/v2\/product\/546","targetHints":{"allow":["GET"]}}],"collection":[{"href":"https:\/\/silk-pajamas.com\/es\/wp-json\/wp\/v2\/product"}],"about":[{"href":"https:\/\/silk-pajamas.com\/es\/wp-json\/wp\/v2\/types\/product"}],"wp:featuredmedia":[{"embeddable":true,"href":"https:\/\/silk-pajamas.com\/es\/wp-json\/wp\/v2\/media\/2552"}],"wp:attachment":[{"href":"https:\/\/silk-pajamas.com\/es\/wp-json\/wp\/v2\/media?parent=546"}],"wp:term":[{"taxonomy":"product_brand","embeddable":true,"href":"https:\/\/silk-pajamas.com\/es\/wp-json\/wp\/v2\/product_brand?post=546"},{"taxonomy":"product_cat","embeddable":true,"href":"https:\/\/silk-pajamas.com\/es\/wp-json\/wp\/v2\/product_cat?post=546"},{"taxonomy":"product_tag","embeddable":true,"href":"https:\/\/silk-pajamas.com\/es\/wp-json\/wp\/v2\/product_tag?post=546"}],"curies":[{"name":"wp","href":"https:\/\/api.w.org\/{rel}","templated":true}]}}